{"id":2992,"date":"2022-08-25T08:48:29","date_gmt":"2022-08-25T08:48:29","guid":{"rendered":"https:\/\/udtv-cz.store\/ceska-znacka-udtv-jedinecny-design-a-pokrocila-technologie-pro-lepsi-sledovani\/"},"modified":"2024-12-27T14:20:27","modified_gmt":"2024-12-27T14:20:27","slug":"ceska-znacka-udtv-jedinecny-design-a-pokrocila-technologie-pro-lepsi-sledovani","status":"publish","type":"page","link":"https:\/\/udtv-cz.store\/sk\/","title":{"rendered":"\u010cesk\u00e1 zna\u010dka UDtv: jedine\u010dn\u00fd dizajn a pokro\u010dil\u00e1 technol\u00f3gia pre lep\u0161\u00ed z\u00e1\u017eitok zo sledovania."},"content":{"rendered":"<div class=\"flex-1 overflow-hidden\">\n<div class=\"h-full\">\n<div class=\"react-scroll-to-bottom--css-pzepq-79elbk h-full\">\n<div class=\"react-scroll-to-bottom--css-pzepq-1n7m0yu\">\n<div class=\"flex flex-col text-sm md:pb-9\">\n<article class=\"w-full scroll-mb-[var(--thread-trailing-height)] text-token-text-primary focus-visible:outline-2 focus-visible:outline-offset-[-4px]\" dir=\"auto\" data-testid=\"conversation-turn-95\" data-scroll-anchor=\"true\">\n<div class=\"m-auto text-base py-[18px] px-3 md:px-4 w-full md:px-5 lg:px-4 xl:px-5\">\n<div class=\"mx-auto flex flex-1 gap-4 text-base md:gap-5 lg:gap-6 md:max-w-3xl lg:max-w-[40rem] xl:max-w-[48rem]\">\n<div class=\"group\/conversation-turn relative flex w-full min-w-0 flex-col agent-turn\">\n<div class=\"flex-col gap-1 md:gap-3\">\n<div class=\"flex max-w-full flex-col flex-grow\">\n<div class=\"min-h-8 text-message flex w-full flex-col items-end gap-2 whitespace-normal break-words [.text-message+&amp;]:mt-5\" dir=\"auto\" data-message-author-role=\"assistant\" data-message-id=\"8a292a8c-b069-4959-afeb-52e47e90d816\" data-message-model-slug=\"gpt-4o\">\n<div class=\"flex w-full flex-col gap-1 empty:hidden first:pt-[3px]\">\n<div class=\"markdown prose w-full break-words dark:prose-invert light\">\n<div class=\"flex max-w-full flex-col flex-grow\">\n<div class=\"min-h-8 text-message flex w-full flex-col items-end gap-2 whitespace-normal break-words [.text-message+&amp;]:mt-5\" dir=\"auto\" data-message-author-role=\"assistant\" data-message-id=\"338692b1-11ab-42d0-9aed-692c2227031f\" data-message-model-slug=\"gpt-4o\">\n<div class=\"flex w-full flex-col gap-1 empty:hidden first:pt-[3px]\">\n<div class=\"markdown prose w-full break-words dark:prose-invert light\">\n<p>Nav\u0161t\u00edvte UDTV Store a objavte kvalitn\u00e9 telev\u00edzory a pr\u00edslu\u0161enstvo. Vyberte si model, ktor\u00fd v\u00e1m poskytne \u0161pi\u010dkov\u00fd obraz a zvuk pre v\u00e1\u0161 domov.<\/p>\n<\/div>\n<\/div>\n<\/div>\n<\/div>\n<\/div>\n<\/div>\n<\/div>\n<\/div>\n<\/div>\n<\/div>\n<\/div>\n<\/div>\n<\/article>\n<\/div>\n<\/div>\n<\/div>\n<\/div>\n<\/div>\n","protected":false},"excerpt":{"rendered":"<p>Nav\u0161t\u00edvte UDTV Store a objavte kvalitn\u00e9 telev\u00edzory a pr\u00edslu\u0161enstvo. Vyberte&#8230;<\/p>\n","protected":false},"author":1,"featured_media":3013,"parent":0,"menu_order":0,"comment_status":"closed","ping_status":"closed","template":"","meta":{"inline_featured_image":false,"footnotes":""},"class_list":["post-2992","page","type-page","status-publish","has-post-thumbnail","hentry"],"acf":[],"yoast_head":"<!-- This site is optimized with the Yoast SEO plugin v27.6 - https:\/\/yoast.com\/product\/yoast-seo-wordpress\/ -->\n<title>Telev\u00edzory UDTV Store - \u0161pi\u010dkov\u00e1 kvalita obrazu a zvuku.<\/title>\n<meta name=\"description\" content=\"UDTV Store pon\u00faka telev\u00edzory s vynikaj\u00facou kvalitou obrazu a zvuku. Vyberte si model pre v\u00e1\u0161 domov a u\u017eite si dokonal\u00fd z\u00e1\u017eitok zo sledovania.\" \/>\n<meta name=\"robots\" content=\"index, follow, max-snippet:-1, max-image-preview:large, max-video-preview:-1\" \/>\n<link rel=\"canonical\" href=\"https:\/\/udtv-cz.store\/sk\/\" \/>\n<meta property=\"og:locale\" content=\"sk_SK\" \/>\n<meta property=\"og:type\" content=\"article\" \/>\n<meta property=\"og:title\" content=\"Telev\u00edzory UDTV Store - \u0161pi\u010dkov\u00e1 kvalita obrazu a zvuku.\" \/>\n<meta property=\"og:description\" content=\"UDTV Store pon\u00faka telev\u00edzory s vynikaj\u00facou kvalitou obrazu a zvuku. Vyberte si model pre v\u00e1\u0161 domov a u\u017eite si dokonal\u00fd z\u00e1\u017eitok zo sledovania.\" \/>\n<meta property=\"og:url\" content=\"https:\/\/udtv-cz.store\/sk\/\" \/>\n<meta property=\"og:site_name\" content=\"UDTV\" \/>\n<meta property=\"article:modified_time\" content=\"2024-12-27T14:20:27+00:00\" \/>\n<meta property=\"og:image\" content=\"https:\/\/udtv-cz.store\/wp-content\/uploads\/2023\/06\/label.png\" \/>\n\t<meta property=\"og:image:width\" content=\"1500\" \/>\n\t<meta property=\"og:image:height\" content=\"1500\" \/>\n\t<meta property=\"og:image:type\" content=\"image\/png\" \/>\n<meta name=\"twitter:card\" content=\"summary_large_image\" \/>\n<meta name=\"twitter:label1\" content=\"Est. reading time\" \/>\n\t<meta name=\"twitter:data1\" content=\"1 min\u00fata\" \/>\n<script type=\"application\/ld+json\" class=\"yoast-schema-graph\">{\"@context\":\"https:\\\/\\\/schema.org\",\"@graph\":[{\"@type\":\"WebPage\",\"@id\":\"https:\\\/\\\/udtv-cz.store\\\/sk\\\/\",\"url\":\"https:\\\/\\\/udtv-cz.store\\\/sk\\\/\",\"name\":\"Telev\u00edzory UDTV Store - \u0161pi\u010dkov\u00e1 kvalita obrazu a zvuku.\",\"isPartOf\":{\"@id\":\"https:\\\/\\\/udtv-cz.store\\\/#website\"},\"primaryImageOfPage\":{\"@id\":\"https:\\\/\\\/udtv-cz.store\\\/sk\\\/#primaryimage\"},\"image\":{\"@id\":\"https:\\\/\\\/udtv-cz.store\\\/sk\\\/#primaryimage\"},\"thumbnailUrl\":\"https:\\\/\\\/udtv-cz.store\\\/wp-content\\\/uploads\\\/2023\\\/06\\\/label.png\",\"datePublished\":\"2022-08-25T08:48:29+00:00\",\"dateModified\":\"2024-12-27T14:20:27+00:00\",\"description\":\"UDTV Store pon\u00faka telev\u00edzory s vynikaj\u00facou kvalitou obrazu a zvuku. Vyberte si model pre v\u00e1\u0161 domov a u\u017eite si dokonal\u00fd z\u00e1\u017eitok zo sledovania.\",\"breadcrumb\":{\"@id\":\"https:\\\/\\\/udtv-cz.store\\\/sk\\\/#breadcrumb\"},\"inLanguage\":\"sk-SK\",\"potentialAction\":[{\"@type\":\"ReadAction\",\"target\":[\"https:\\\/\\\/udtv-cz.store\\\/sk\\\/\"]}]},{\"@type\":\"ImageObject\",\"inLanguage\":\"sk-SK\",\"@id\":\"https:\\\/\\\/udtv-cz.store\\\/sk\\\/#primaryimage\",\"url\":\"https:\\\/\\\/udtv-cz.store\\\/wp-content\\\/uploads\\\/2023\\\/06\\\/label.png\",\"contentUrl\":\"https:\\\/\\\/udtv-cz.store\\\/wp-content\\\/uploads\\\/2023\\\/06\\\/label.png\",\"width\":1500,\"height\":1500},{\"@type\":\"BreadcrumbList\",\"@id\":\"https:\\\/\\\/udtv-cz.store\\\/sk\\\/#breadcrumb\",\"itemListElement\":[{\"@type\":\"ListItem\",\"position\":1,\"name\":\"Hlavn\u00e1 str\u00e1nka\",\"item\":\"https:\\\/\\\/udtv-cz.store\\\/sk\\\/\"},{\"@type\":\"ListItem\",\"position\":2,\"name\":\"\u010cesk\u00e1 zna\u010dka UDtv: jedine\u010dn\u00fd dizajn a pokro\u010dil\u00e1 technol\u00f3gia pre lep\u0161\u00ed z\u00e1\u017eitok zo sledovania.\"}]},{\"@type\":\"WebSite\",\"@id\":\"https:\\\/\\\/udtv-cz.store\\\/#website\",\"url\":\"https:\\\/\\\/udtv-cz.store\\\/\",\"name\":\"UDTV\",\"description\":\"Just another WordPress site\",\"potentialAction\":[{\"@type\":\"SearchAction\",\"target\":{\"@type\":\"EntryPoint\",\"urlTemplate\":\"https:\\\/\\\/udtv-cz.store\\\/?s={search_term_string}\"},\"query-input\":{\"@type\":\"PropertyValueSpecification\",\"valueRequired\":true,\"valueName\":\"search_term_string\"}}],\"inLanguage\":\"sk-SK\"}]}<\/script>\n<!-- \/ Yoast SEO plugin. -->","yoast_head_json":{"title":"Telev\u00edzory UDTV Store - \u0161pi\u010dkov\u00e1 kvalita obrazu a zvuku.","description":"UDTV Store pon\u00faka telev\u00edzory s vynikaj\u00facou kvalitou obrazu a zvuku. Vyberte si model pre v\u00e1\u0161 domov a u\u017eite si dokonal\u00fd z\u00e1\u017eitok zo sledovania.","robots":{"index":"index","follow":"follow","max-snippet":"max-snippet:-1","max-image-preview":"max-image-preview:large","max-video-preview":"max-video-preview:-1"},"canonical":"https:\/\/udtv-cz.store\/sk\/","og_locale":"sk_SK","og_type":"article","og_title":"Telev\u00edzory UDTV Store - \u0161pi\u010dkov\u00e1 kvalita obrazu a zvuku.","og_description":"UDTV Store pon\u00faka telev\u00edzory s vynikaj\u00facou kvalitou obrazu a zvuku. Vyberte si model pre v\u00e1\u0161 domov a u\u017eite si dokonal\u00fd z\u00e1\u017eitok zo sledovania.","og_url":"https:\/\/udtv-cz.store\/sk\/","og_site_name":"UDTV","article_modified_time":"2024-12-27T14:20:27+00:00","og_image":[{"width":1500,"height":1500,"url":"https:\/\/udtv-cz.store\/wp-content\/uploads\/2023\/06\/label.png","type":"image\/png"}],"twitter_card":"summary_large_image","twitter_misc":{"Est. reading time":"1 min\u00fata"},"schema":{"@context":"https:\/\/schema.org","@graph":[{"@type":"WebPage","@id":"https:\/\/udtv-cz.store\/sk\/","url":"https:\/\/udtv-cz.store\/sk\/","name":"Telev\u00edzory UDTV Store - \u0161pi\u010dkov\u00e1 kvalita obrazu a zvuku.","isPartOf":{"@id":"https:\/\/udtv-cz.store\/#website"},"primaryImageOfPage":{"@id":"https:\/\/udtv-cz.store\/sk\/#primaryimage"},"image":{"@id":"https:\/\/udtv-cz.store\/sk\/#primaryimage"},"thumbnailUrl":"https:\/\/udtv-cz.store\/wp-content\/uploads\/2023\/06\/label.png","datePublished":"2022-08-25T08:48:29+00:00","dateModified":"2024-12-27T14:20:27+00:00","description":"UDTV Store pon\u00faka telev\u00edzory s vynikaj\u00facou kvalitou obrazu a zvuku. Vyberte si model pre v\u00e1\u0161 domov a u\u017eite si dokonal\u00fd z\u00e1\u017eitok zo sledovania.","breadcrumb":{"@id":"https:\/\/udtv-cz.store\/sk\/#breadcrumb"},"inLanguage":"sk-SK","potentialAction":[{"@type":"ReadAction","target":["https:\/\/udtv-cz.store\/sk\/"]}]},{"@type":"ImageObject","inLanguage":"sk-SK","@id":"https:\/\/udtv-cz.store\/sk\/#primaryimage","url":"https:\/\/udtv-cz.store\/wp-content\/uploads\/2023\/06\/label.png","contentUrl":"https:\/\/udtv-cz.store\/wp-content\/uploads\/2023\/06\/label.png","width":1500,"height":1500},{"@type":"BreadcrumbList","@id":"https:\/\/udtv-cz.store\/sk\/#breadcrumb","itemListElement":[{"@type":"ListItem","position":1,"name":"Hlavn\u00e1 str\u00e1nka","item":"https:\/\/udtv-cz.store\/sk\/"},{"@type":"ListItem","position":2,"name":"\u010cesk\u00e1 zna\u010dka UDtv: jedine\u010dn\u00fd dizajn a pokro\u010dil\u00e1 technol\u00f3gia pre lep\u0161\u00ed z\u00e1\u017eitok zo sledovania."}]},{"@type":"WebSite","@id":"https:\/\/udtv-cz.store\/#website","url":"https:\/\/udtv-cz.store\/","name":"UDTV","description":"Just another WordPress site","potentialAction":[{"@type":"SearchAction","target":{"@type":"EntryPoint","urlTemplate":"https:\/\/udtv-cz.store\/?s={search_term_string}"},"query-input":{"@type":"PropertyValueSpecification","valueRequired":true,"valueName":"search_term_string"}}],"inLanguage":"sk-SK"}]}},"_links":{"self":[{"href":"https:\/\/udtv-cz.store\/sk\/wp-json\/wp\/v2\/pages\/2992","targetHints":{"allow":["GET"]}}],"collection":[{"href":"https:\/\/udtv-cz.store\/sk\/wp-json\/wp\/v2\/pages"}],"about":[{"href":"https:\/\/udtv-cz.store\/sk\/wp-json\/wp\/v2\/types\/page"}],"author":[{"embeddable":true,"href":"https:\/\/udtv-cz.store\/sk\/wp-json\/wp\/v2\/users\/1"}],"replies":[{"embeddable":true,"href":"https:\/\/udtv-cz.store\/sk\/wp-json\/wp\/v2\/comments?post=2992"}],"version-history":[{"count":8,"href":"https:\/\/udtv-cz.store\/sk\/wp-json\/wp\/v2\/pages\/2992\/revisions"}],"predecessor-version":[{"id":3399,"href":"https:\/\/udtv-cz.store\/sk\/wp-json\/wp\/v2\/pages\/2992\/revisions\/3399"}],"wp:featuredmedia":[{"embeddable":true,"href":"https:\/\/udtv-cz.store\/sk\/wp-json\/wp\/v2\/media\/3013"}],"wp:attachment":[{"href":"https:\/\/udtv-cz.store\/sk\/wp-json\/wp\/v2\/media?parent=2992"}],"curies":[{"name":"wp","href":"https:\/\/api.w.org\/{rel}","templated":true}]}}