{"id":3056,"date":"2022-08-25T08:53:21","date_gmt":"2022-08-25T08:53:21","guid":{"rendered":"https:\/\/udtv-cz.store\/kontakty-a-servis\/"},"modified":"2022-08-25T08:53:21","modified_gmt":"2022-08-25T08:53:21","slug":"kontakty-a-servis","status":"publish","type":"page","link":"https:\/\/udtv-cz.store\/sk\/kontakty-a-servis\/","title":{"rendered":"Kontakty a servis"},"content":{"rendered":"<div class=\"flex max-w-full flex-col flex-grow\">\n<div class=\"min-h-8 text-message flex w-full flex-col items-end gap-2 whitespace-normal break-words [.text-message+&amp;]:mt-5\" dir=\"auto\" data-message-author-role=\"assistant\" data-message-id=\"a1dbd9fa-84bb-429d-9cb9-b08ceec095c2\" data-message-model-slug=\"gpt-4o-mini\">\n<div class=\"flex w-full flex-col gap-1 empty:hidden first:pt-[3px]\">\n<div class=\"markdown prose w-full break-words dark:prose-invert light\">\n<p>Kontaktujte UDTV Store pre servis a podporu. Poskytujeme profesion\u00e1lnu pomoc s opravami a \u00fadr\u017ebou na\u0161ich telev\u00edzorov a pr\u00edslu\u0161enstva.<\/p>\n<\/div>\n<\/div>\n<\/div>\n<\/div>\n","protected":false},"excerpt":{"rendered":"<p>Kontaktujte UDTV Store pre servis a podporu. Poskytujeme profesion\u00e1lnu pomoc&#8230;<\/p>\n","protected":false},"author":1,"featured_media":3013,"parent":0,"menu_order":0,"comment_status":"closed","ping_status":"closed","template":"contact.php","meta":{"inline_featured_image":false,"footnotes":""},"class_list":["post-3056","page","type-page","status-publish","has-post-thumbnail","hentry"],"acf":[],"yoast_head":"<!-- This site is optimized with the Yoast SEO plugin v27.5 - https:\/\/yoast.com\/product\/yoast-seo-wordpress\/ -->\n<title>Kontakty a servis - UDTV<\/title>\n<meta name=\"description\" content=\"Kontaktujte UDTV Store pre servis a podporu. Poskytujeme profesion\u00e1lnu pomoc s opravami a \u00fadr\u017ebou na\u0161ich telev\u00edzorov a pr\u00edslu\u0161enstva. - UDTV\" \/>\n<meta name=\"robots\" content=\"index, follow, max-snippet:-1, max-image-preview:large, max-video-preview:-1\" \/>\n<link rel=\"canonical\" href=\"https:\/\/udtv-cz.store\/sk\/kontakty-a-servis\/\" \/>\n<meta property=\"og:locale\" content=\"sk_SK\" \/>\n<meta property=\"og:type\" content=\"article\" \/>\n<meta property=\"og:title\" content=\"Kontakty a servis - UDTV\" \/>\n<meta property=\"og:description\" content=\"Kontaktujte UDTV Store pre servis a podporu. Poskytujeme profesion\u00e1lnu pomoc s opravami a \u00fadr\u017ebou na\u0161ich telev\u00edzorov a pr\u00edslu\u0161enstva. - UDTV\" \/>\n<meta property=\"og:url\" content=\"https:\/\/udtv-cz.store\/sk\/kontakty-a-servis\/\" \/>\n<meta property=\"og:site_name\" content=\"UDTV\" \/>\n<meta property=\"og:image\" content=\"https:\/\/udtv-cz.store\/wp-content\/uploads\/2023\/06\/label.png\" \/>\n\t<meta property=\"og:image:width\" content=\"1500\" \/>\n\t<meta property=\"og:image:height\" content=\"1500\" \/>\n\t<meta property=\"og:image:type\" content=\"image\/png\" \/>\n<meta name=\"twitter:card\" content=\"summary_large_image\" \/>\n<script type=\"application\/ld+json\" class=\"yoast-schema-graph\">{\"@context\":\"https:\\\/\\\/schema.org\",\"@graph\":[{\"@type\":\"WebPage\",\"@id\":\"https:\\\/\\\/udtv-cz.store\\\/sk\\\/kontakty-a-servis\\\/\",\"url\":\"https:\\\/\\\/udtv-cz.store\\\/sk\\\/kontakty-a-servis\\\/\",\"name\":\"Kontakty a servis - UDTV\",\"isPartOf\":{\"@id\":\"https:\\\/\\\/udtv-cz.store\\\/#website\"},\"primaryImageOfPage\":{\"@id\":\"https:\\\/\\\/udtv-cz.store\\\/sk\\\/kontakty-a-servis\\\/#primaryimage\"},\"image\":{\"@id\":\"https:\\\/\\\/udtv-cz.store\\\/sk\\\/kontakty-a-servis\\\/#primaryimage\"},\"thumbnailUrl\":\"https:\\\/\\\/udtv-cz.store\\\/wp-content\\\/uploads\\\/2023\\\/06\\\/label.png\",\"datePublished\":\"2022-08-25T08:53:21+00:00\",\"description\":\"Kontaktujte UDTV Store pre servis a podporu. Poskytujeme profesion\u00e1lnu pomoc s opravami a \u00fadr\u017ebou na\u0161ich telev\u00edzorov a pr\u00edslu\u0161enstva. - UDTV\",\"breadcrumb\":{\"@id\":\"https:\\\/\\\/udtv-cz.store\\\/sk\\\/kontakty-a-servis\\\/#breadcrumb\"},\"inLanguage\":\"sk-SK\",\"potentialAction\":[{\"@type\":\"ReadAction\",\"target\":[\"https:\\\/\\\/udtv-cz.store\\\/sk\\\/kontakty-a-servis\\\/\"]}]},{\"@type\":\"ImageObject\",\"inLanguage\":\"sk-SK\",\"@id\":\"https:\\\/\\\/udtv-cz.store\\\/sk\\\/kontakty-a-servis\\\/#primaryimage\",\"url\":\"https:\\\/\\\/udtv-cz.store\\\/wp-content\\\/uploads\\\/2023\\\/06\\\/label.png\",\"contentUrl\":\"https:\\\/\\\/udtv-cz.store\\\/wp-content\\\/uploads\\\/2023\\\/06\\\/label.png\",\"width\":1500,\"height\":1500},{\"@type\":\"BreadcrumbList\",\"@id\":\"https:\\\/\\\/udtv-cz.store\\\/sk\\\/kontakty-a-servis\\\/#breadcrumb\",\"itemListElement\":[{\"@type\":\"ListItem\",\"position\":1,\"name\":\"Hlavn\u00e1 str\u00e1nka\",\"item\":\"https:\\\/\\\/udtv-cz.store\\\/sk\\\/\"},{\"@type\":\"ListItem\",\"position\":2,\"name\":\"Kontakty a servis\"}]},{\"@type\":\"WebSite\",\"@id\":\"https:\\\/\\\/udtv-cz.store\\\/#website\",\"url\":\"https:\\\/\\\/udtv-cz.store\\\/\",\"name\":\"UDTV\",\"description\":\"Just another WordPress site\",\"potentialAction\":[{\"@type\":\"SearchAction\",\"target\":{\"@type\":\"EntryPoint\",\"urlTemplate\":\"https:\\\/\\\/udtv-cz.store\\\/?s={search_term_string}\"},\"query-input\":{\"@type\":\"PropertyValueSpecification\",\"valueRequired\":true,\"valueName\":\"search_term_string\"}}],\"inLanguage\":\"sk-SK\"}]}<\/script>\n<!-- \/ Yoast SEO plugin. -->","yoast_head_json":{"title":"Kontakty a servis - UDTV","description":"Kontaktujte UDTV Store pre servis a podporu. Poskytujeme profesion\u00e1lnu pomoc s opravami a \u00fadr\u017ebou na\u0161ich telev\u00edzorov a pr\u00edslu\u0161enstva. - UDTV","robots":{"index":"index","follow":"follow","max-snippet":"max-snippet:-1","max-image-preview":"max-image-preview:large","max-video-preview":"max-video-preview:-1"},"canonical":"https:\/\/udtv-cz.store\/sk\/kontakty-a-servis\/","og_locale":"sk_SK","og_type":"article","og_title":"Kontakty a servis - UDTV","og_description":"Kontaktujte UDTV Store pre servis a podporu. Poskytujeme profesion\u00e1lnu pomoc s opravami a \u00fadr\u017ebou na\u0161ich telev\u00edzorov a pr\u00edslu\u0161enstva. - UDTV","og_url":"https:\/\/udtv-cz.store\/sk\/kontakty-a-servis\/","og_site_name":"UDTV","og_image":[{"width":1500,"height":1500,"url":"https:\/\/udtv-cz.store\/wp-content\/uploads\/2023\/06\/label.png","type":"image\/png"}],"twitter_card":"summary_large_image","schema":{"@context":"https:\/\/schema.org","@graph":[{"@type":"WebPage","@id":"https:\/\/udtv-cz.store\/sk\/kontakty-a-servis\/","url":"https:\/\/udtv-cz.store\/sk\/kontakty-a-servis\/","name":"Kontakty a servis - UDTV","isPartOf":{"@id":"https:\/\/udtv-cz.store\/#website"},"primaryImageOfPage":{"@id":"https:\/\/udtv-cz.store\/sk\/kontakty-a-servis\/#primaryimage"},"image":{"@id":"https:\/\/udtv-cz.store\/sk\/kontakty-a-servis\/#primaryimage"},"thumbnailUrl":"https:\/\/udtv-cz.store\/wp-content\/uploads\/2023\/06\/label.png","datePublished":"2022-08-25T08:53:21+00:00","description":"Kontaktujte UDTV Store pre servis a podporu. Poskytujeme profesion\u00e1lnu pomoc s opravami a \u00fadr\u017ebou na\u0161ich telev\u00edzorov a pr\u00edslu\u0161enstva. - UDTV","breadcrumb":{"@id":"https:\/\/udtv-cz.store\/sk\/kontakty-a-servis\/#breadcrumb"},"inLanguage":"sk-SK","potentialAction":[{"@type":"ReadAction","target":["https:\/\/udtv-cz.store\/sk\/kontakty-a-servis\/"]}]},{"@type":"ImageObject","inLanguage":"sk-SK","@id":"https:\/\/udtv-cz.store\/sk\/kontakty-a-servis\/#primaryimage","url":"https:\/\/udtv-cz.store\/wp-content\/uploads\/2023\/06\/label.png","contentUrl":"https:\/\/udtv-cz.store\/wp-content\/uploads\/2023\/06\/label.png","width":1500,"height":1500},{"@type":"BreadcrumbList","@id":"https:\/\/udtv-cz.store\/sk\/kontakty-a-servis\/#breadcrumb","itemListElement":[{"@type":"ListItem","position":1,"name":"Hlavn\u00e1 str\u00e1nka","item":"https:\/\/udtv-cz.store\/sk\/"},{"@type":"ListItem","position":2,"name":"Kontakty a servis"}]},{"@type":"WebSite","@id":"https:\/\/udtv-cz.store\/#website","url":"https:\/\/udtv-cz.store\/","name":"UDTV","description":"Just another WordPress site","potentialAction":[{"@type":"SearchAction","target":{"@type":"EntryPoint","urlTemplate":"https:\/\/udtv-cz.store\/?s={search_term_string}"},"query-input":{"@type":"PropertyValueSpecification","valueRequired":true,"valueName":"search_term_string"}}],"inLanguage":"sk-SK"}]}},"_links":{"self":[{"href":"https:\/\/udtv-cz.store\/sk\/wp-json\/wp\/v2\/pages\/3056","targetHints":{"allow":["GET"]}}],"collection":[{"href":"https:\/\/udtv-cz.store\/sk\/wp-json\/wp\/v2\/pages"}],"about":[{"href":"https:\/\/udtv-cz.store\/sk\/wp-json\/wp\/v2\/types\/page"}],"author":[{"embeddable":true,"href":"https:\/\/udtv-cz.store\/sk\/wp-json\/wp\/v2\/users\/1"}],"replies":[{"embeddable":true,"href":"https:\/\/udtv-cz.store\/sk\/wp-json\/wp\/v2\/comments?post=3056"}],"version-history":[{"count":0,"href":"https:\/\/udtv-cz.store\/sk\/wp-json\/wp\/v2\/pages\/3056\/revisions"}],"wp:featuredmedia":[{"embeddable":true,"href":"https:\/\/udtv-cz.store\/sk\/wp-json\/wp\/v2\/media\/3013"}],"wp:attachment":[{"href":"https:\/\/udtv-cz.store\/sk\/wp-json\/wp\/v2\/media?parent=3056"}],"curies":[{"name":"wp","href":"https:\/\/api.w.org\/{rel}","templated":true}]}}