{"id":3058,"date":"2022-08-25T08:52:20","date_gmt":"2022-08-25T08:52:20","guid":{"rendered":"https:\/\/udtv-cz.store\/o-nas\/"},"modified":"2024-12-05T12:45:48","modified_gmt":"2024-12-05T12:45:48","slug":"o-nas","status":"publish","type":"page","link":"https:\/\/udtv-cz.store\/sk\/o-nas\/","title":{"rendered":"O n\u00e1s"},"content":{"rendered":"<div class=\"flex-shrink-0 flex flex-col relative items-end\">\n<div>\n<div class=\"pt-0\">\n<div class=\"gizmo-bot-avatar flex h-8 w-8 items-center justify-center overflow-hidden rounded-full\">\n<div class=\"relative p-1 rounded-sm flex items-center justify-center bg-token-main-surface-primary text-token-text-primary h-8 w-8\"><\/div>\n<\/div>\n<\/div>\n<\/div>\n<\/div>\n<div class=\"group\/conversation-turn relative flex w-full min-w-0 flex-col agent-turn\">\n<div class=\"flex-col gap-1 md:gap-3\">\n<div class=\"flex max-w-full flex-col flex-grow\">\n<div class=\"min-h-8 text-message flex w-full flex-col items-end gap-2 whitespace-normal break-words [.text-message+&amp;]:mt-5\" dir=\"auto\" data-message-author-role=\"assistant\" data-message-id=\"889bef4c-d0da-487f-905c-95d9cd0915c8\" data-message-model-slug=\"gpt-4o\">\n<div class=\"flex w-full flex-col gap-1 empty:hidden first:pt-[3px]\">\n<div class=\"markdown prose w-full break-words dark:prose-invert light\">\n<p>Chytr\u00e1 telev\u00edzia UD TV, ktor\u00e1 vznikla v kr\u00e1snom meste Praha, bola navrhnut\u00e1 tak, aby splnila po\u017eiadavky a o\u010dak\u00e1vania aj t\u00fdch najn\u00e1ro\u010dnej\u0161\u00edch z\u00e1kazn\u00edkov. Zamerali sme sa na kvalitu a venovali maxim\u00e1lnu pozornos\u0165 detailom tohto zariadenia. Sme presved\u010den\u00ed, \u017ee syst\u00e9m Android TV 11 ur\u010dite oslov\u00ed aj t\u00fdch najn\u00e1ro\u010dnej\u0161\u00edch.<\/p>\n<p>V\u010faka technol\u00f3gii HDR a podpore Dolby Atmos poskytuje UD TV ohromuj\u00facu kvalitu obrazu a pohlcuj\u00faci zvuk, ktor\u00fd v\u00e1s vtiahne priamo do srdca va\u0161ich ob\u013e\u00faben\u00fdch filmov a telev\u00edznych rel\u00e1ci\u00ed. A to nie je v\u0161etko \u2013 tento chytr\u00fd telev\u00edzor je mimoriadne u\u017e\u00edvate\u013esky priate\u013esk\u00fd, s elegantn\u00fdm a intuit\u00edvnym rozhran\u00edm, ktor\u00e9 zjednodu\u0161uje vyh\u013ead\u00e1vanie a streamovanie v\u00e1\u0161ho ob\u013e\u00faben\u00e9ho obsahu. Ak teda h\u013ead\u00e1te telev\u00edzor, ktor\u00fd pon\u00faka kvalitu a hodnotu, UD TV je pre v\u00e1s tou spr\u00e1vnou vo\u013ebou.<\/p>\n<p>So svojimi \u0161pi\u010dkov\u00fdmi funkciami a d\u00f4razom na detail sa ur\u010dite stane centrom va\u0161ej dom\u00e1cej z\u00e1bavy.<\/p>\n<\/div>\n<\/div>\n<\/div>\n<\/div>\n<\/div>\n<\/div>\n","protected":false},"excerpt":{"rendered":"<p>Chytr\u00e1 telev\u00edzia UD TV, ktor\u00e1 vznikla v kr\u00e1snom meste Praha,&#8230;<\/p>\n","protected":false},"author":1,"featured_media":3013,"parent":0,"menu_order":0,"comment_status":"closed","ping_status":"closed","template":"about.php","meta":{"inline_featured_image":false,"footnotes":""},"class_list":["post-3058","page","type-page","status-publish","has-post-thumbnail","hentry"],"acf":[],"yoast_head":"<!-- This site is optimized with the Yoast SEO plugin v27.4 - https:\/\/yoast.com\/product\/yoast-seo-wordpress\/ -->\n<title>O n\u00e1s | UDTV Store - Kvalitn\u00e9 telev\u00edzory za skvel\u00e9 ceny<\/title>\n<meta name=\"description\" content=\"UDTV Store pon\u00faka modern\u00e9 telev\u00edzory za dostupn\u00e9 ceny s r\u00fdchlym doru\u010den\u00edm a \u0161pi\u010dkovou z\u00e1kazn\u00edckou podporou po celom Slovensku.\" \/>\n<meta name=\"robots\" content=\"index, follow, max-snippet:-1, max-image-preview:large, max-video-preview:-1\" \/>\n<link rel=\"canonical\" href=\"https:\/\/udtv-cz.store\/sk\/o-nas\/\" \/>\n<meta property=\"og:locale\" content=\"sk_SK\" \/>\n<meta property=\"og:type\" content=\"article\" \/>\n<meta property=\"og:title\" content=\"O n\u00e1s | UDTV Store - Kvalitn\u00e9 telev\u00edzory za skvel\u00e9 ceny\" \/>\n<meta property=\"og:description\" content=\"UDTV Store pon\u00faka modern\u00e9 telev\u00edzory za dostupn\u00e9 ceny s r\u00fdchlym doru\u010den\u00edm a \u0161pi\u010dkovou z\u00e1kazn\u00edckou podporou po celom Slovensku.\" \/>\n<meta property=\"og:url\" content=\"https:\/\/udtv-cz.store\/sk\/o-nas\/\" \/>\n<meta property=\"og:site_name\" content=\"UDTV\" \/>\n<meta property=\"article:modified_time\" content=\"2024-12-05T12:45:48+00:00\" \/>\n<meta property=\"og:image\" content=\"https:\/\/udtv-cz.store\/wp-content\/uploads\/2023\/06\/label.png\" \/>\n\t<meta property=\"og:image:width\" content=\"1500\" \/>\n\t<meta property=\"og:image:height\" content=\"1500\" \/>\n\t<meta property=\"og:image:type\" content=\"image\/png\" \/>\n<meta name=\"twitter:card\" content=\"summary_large_image\" \/>\n<meta name=\"twitter:label1\" content=\"Est. reading time\" \/>\n\t<meta name=\"twitter:data1\" content=\"1 min\u00fata\" \/>\n<script type=\"application\/ld+json\" class=\"yoast-schema-graph\">{\"@context\":\"https:\\\/\\\/schema.org\",\"@graph\":[{\"@type\":\"WebPage\",\"@id\":\"https:\\\/\\\/udtv-cz.store\\\/sk\\\/o-nas\\\/\",\"url\":\"https:\\\/\\\/udtv-cz.store\\\/sk\\\/o-nas\\\/\",\"name\":\"O n\u00e1s | UDTV Store - Kvalitn\u00e9 telev\u00edzory za skvel\u00e9 ceny\",\"isPartOf\":{\"@id\":\"https:\\\/\\\/udtv-cz.store\\\/#website\"},\"primaryImageOfPage\":{\"@id\":\"https:\\\/\\\/udtv-cz.store\\\/sk\\\/o-nas\\\/#primaryimage\"},\"image\":{\"@id\":\"https:\\\/\\\/udtv-cz.store\\\/sk\\\/o-nas\\\/#primaryimage\"},\"thumbnailUrl\":\"https:\\\/\\\/udtv-cz.store\\\/wp-content\\\/uploads\\\/2023\\\/06\\\/label.png\",\"datePublished\":\"2022-08-25T08:52:20+00:00\",\"dateModified\":\"2024-12-05T12:45:48+00:00\",\"description\":\"UDTV Store pon\u00faka modern\u00e9 telev\u00edzory za dostupn\u00e9 ceny s r\u00fdchlym doru\u010den\u00edm a \u0161pi\u010dkovou z\u00e1kazn\u00edckou podporou po celom Slovensku.\",\"breadcrumb\":{\"@id\":\"https:\\\/\\\/udtv-cz.store\\\/sk\\\/o-nas\\\/#breadcrumb\"},\"inLanguage\":\"sk-SK\",\"potentialAction\":[{\"@type\":\"ReadAction\",\"target\":[\"https:\\\/\\\/udtv-cz.store\\\/sk\\\/o-nas\\\/\"]}]},{\"@type\":\"ImageObject\",\"inLanguage\":\"sk-SK\",\"@id\":\"https:\\\/\\\/udtv-cz.store\\\/sk\\\/o-nas\\\/#primaryimage\",\"url\":\"https:\\\/\\\/udtv-cz.store\\\/wp-content\\\/uploads\\\/2023\\\/06\\\/label.png\",\"contentUrl\":\"https:\\\/\\\/udtv-cz.store\\\/wp-content\\\/uploads\\\/2023\\\/06\\\/label.png\",\"width\":1500,\"height\":1500},{\"@type\":\"BreadcrumbList\",\"@id\":\"https:\\\/\\\/udtv-cz.store\\\/sk\\\/o-nas\\\/#breadcrumb\",\"itemListElement\":[{\"@type\":\"ListItem\",\"position\":1,\"name\":\"Hlavn\u00e1 str\u00e1nka\",\"item\":\"https:\\\/\\\/udtv-cz.store\\\/sk\\\/\"},{\"@type\":\"ListItem\",\"position\":2,\"name\":\"O n\u00e1s\"}]},{\"@type\":\"WebSite\",\"@id\":\"https:\\\/\\\/udtv-cz.store\\\/#website\",\"url\":\"https:\\\/\\\/udtv-cz.store\\\/\",\"name\":\"UDTV\",\"description\":\"Just another WordPress site\",\"potentialAction\":[{\"@type\":\"SearchAction\",\"target\":{\"@type\":\"EntryPoint\",\"urlTemplate\":\"https:\\\/\\\/udtv-cz.store\\\/?s={search_term_string}\"},\"query-input\":{\"@type\":\"PropertyValueSpecification\",\"valueRequired\":true,\"valueName\":\"search_term_string\"}}],\"inLanguage\":\"sk-SK\"}]}<\/script>\n<!-- \/ Yoast SEO plugin. -->","yoast_head_json":{"title":"O n\u00e1s | UDTV Store - Kvalitn\u00e9 telev\u00edzory za skvel\u00e9 ceny","description":"UDTV Store pon\u00faka modern\u00e9 telev\u00edzory za dostupn\u00e9 ceny s r\u00fdchlym doru\u010den\u00edm a \u0161pi\u010dkovou z\u00e1kazn\u00edckou podporou po celom Slovensku.","robots":{"index":"index","follow":"follow","max-snippet":"max-snippet:-1","max-image-preview":"max-image-preview:large","max-video-preview":"max-video-preview:-1"},"canonical":"https:\/\/udtv-cz.store\/sk\/o-nas\/","og_locale":"sk_SK","og_type":"article","og_title":"O n\u00e1s | UDTV Store - Kvalitn\u00e9 telev\u00edzory za skvel\u00e9 ceny","og_description":"UDTV Store pon\u00faka modern\u00e9 telev\u00edzory za dostupn\u00e9 ceny s r\u00fdchlym doru\u010den\u00edm a \u0161pi\u010dkovou z\u00e1kazn\u00edckou podporou po celom Slovensku.","og_url":"https:\/\/udtv-cz.store\/sk\/o-nas\/","og_site_name":"UDTV","article_modified_time":"2024-12-05T12:45:48+00:00","og_image":[{"width":1500,"height":1500,"url":"https:\/\/udtv-cz.store\/wp-content\/uploads\/2023\/06\/label.png","type":"image\/png"}],"twitter_card":"summary_large_image","twitter_misc":{"Est. reading time":"1 min\u00fata"},"schema":{"@context":"https:\/\/schema.org","@graph":[{"@type":"WebPage","@id":"https:\/\/udtv-cz.store\/sk\/o-nas\/","url":"https:\/\/udtv-cz.store\/sk\/o-nas\/","name":"O n\u00e1s | UDTV Store - Kvalitn\u00e9 telev\u00edzory za skvel\u00e9 ceny","isPartOf":{"@id":"https:\/\/udtv-cz.store\/#website"},"primaryImageOfPage":{"@id":"https:\/\/udtv-cz.store\/sk\/o-nas\/#primaryimage"},"image":{"@id":"https:\/\/udtv-cz.store\/sk\/o-nas\/#primaryimage"},"thumbnailUrl":"https:\/\/udtv-cz.store\/wp-content\/uploads\/2023\/06\/label.png","datePublished":"2022-08-25T08:52:20+00:00","dateModified":"2024-12-05T12:45:48+00:00","description":"UDTV Store pon\u00faka modern\u00e9 telev\u00edzory za dostupn\u00e9 ceny s r\u00fdchlym doru\u010den\u00edm a \u0161pi\u010dkovou z\u00e1kazn\u00edckou podporou po celom Slovensku.","breadcrumb":{"@id":"https:\/\/udtv-cz.store\/sk\/o-nas\/#breadcrumb"},"inLanguage":"sk-SK","potentialAction":[{"@type":"ReadAction","target":["https:\/\/udtv-cz.store\/sk\/o-nas\/"]}]},{"@type":"ImageObject","inLanguage":"sk-SK","@id":"https:\/\/udtv-cz.store\/sk\/o-nas\/#primaryimage","url":"https:\/\/udtv-cz.store\/wp-content\/uploads\/2023\/06\/label.png","contentUrl":"https:\/\/udtv-cz.store\/wp-content\/uploads\/2023\/06\/label.png","width":1500,"height":1500},{"@type":"BreadcrumbList","@id":"https:\/\/udtv-cz.store\/sk\/o-nas\/#breadcrumb","itemListElement":[{"@type":"ListItem","position":1,"name":"Hlavn\u00e1 str\u00e1nka","item":"https:\/\/udtv-cz.store\/sk\/"},{"@type":"ListItem","position":2,"name":"O n\u00e1s"}]},{"@type":"WebSite","@id":"https:\/\/udtv-cz.store\/#website","url":"https:\/\/udtv-cz.store\/","name":"UDTV","description":"Just another WordPress site","potentialAction":[{"@type":"SearchAction","target":{"@type":"EntryPoint","urlTemplate":"https:\/\/udtv-cz.store\/?s={search_term_string}"},"query-input":{"@type":"PropertyValueSpecification","valueRequired":true,"valueName":"search_term_string"}}],"inLanguage":"sk-SK"}]}},"_links":{"self":[{"href":"https:\/\/udtv-cz.store\/sk\/wp-json\/wp\/v2\/pages\/3058","targetHints":{"allow":["GET"]}}],"collection":[{"href":"https:\/\/udtv-cz.store\/sk\/wp-json\/wp\/v2\/pages"}],"about":[{"href":"https:\/\/udtv-cz.store\/sk\/wp-json\/wp\/v2\/types\/page"}],"author":[{"embeddable":true,"href":"https:\/\/udtv-cz.store\/sk\/wp-json\/wp\/v2\/users\/1"}],"replies":[{"embeddable":true,"href":"https:\/\/udtv-cz.store\/sk\/wp-json\/wp\/v2\/comments?post=3058"}],"version-history":[{"count":1,"href":"https:\/\/udtv-cz.store\/sk\/wp-json\/wp\/v2\/pages\/3058\/revisions"}],"predecessor-version":[{"id":3102,"href":"https:\/\/udtv-cz.store\/sk\/wp-json\/wp\/v2\/pages\/3058\/revisions\/3102"}],"wp:featuredmedia":[{"embeddable":true,"href":"https:\/\/udtv-cz.store\/sk\/wp-json\/wp\/v2\/media\/3013"}],"wp:attachment":[{"href":"https:\/\/udtv-cz.store\/sk\/wp-json\/wp\/v2\/media?parent=3058"}],"curies":[{"name":"wp","href":"https:\/\/api.w.org\/{rel}","templated":true}]}}