{"id":3066,"date":"2022-08-25T07:57:44","date_gmt":"2022-08-25T07:57:44","guid":{"rendered":"https:\/\/udtv-cz.store\/odstupenie-od-zmluvy\/"},"modified":"2022-08-25T07:57:44","modified_gmt":"2022-08-25T07:57:44","slug":"odstupenie-od-zmluvy","status":"publish","type":"page","link":"https:\/\/udtv-cz.store\/sk\/odstupenie-od-zmluvy\/","title":{"rendered":"Odst\u00fapenie od zmluvy"},"content":{"rendered":"<p><span style=\"color: #ffffff;\"><strong>Pr\u00e1vo na zru\u0161enie<\/strong><\/span><\/p>\n<p><span style=\"color: #ffffff;\">M\u00e1te pr\u00e1vo odst\u00fapi\u0165 od tejto zmluvy do 14 dn\u00ed bez udania d\u00f4vodu.<\/span><\/p>\n<p><span style=\"color: #ffffff;\">Lehota na odst\u00fapenie od zmluvy je 14 dn\u00ed odo d\u0148a, ke\u010f ste vy alebo vami poveren\u00e1 tretia osoba, ktor\u00e1 nie je dopravcom, prevzali tovar, alebo posledn\u00fd tovar, alebo posledn\u00fa \u010diastkov\u00fa z\u00e1sielku, alebo posledn\u00fa polo\u017eku.<\/span><\/p>\n<p><span style=\"color: #ffffff;\">Pre uplatnenie pr\u00e1va na odst\u00fapenie od zmluvy n\u00e1s mus\u00edte informova\u0165 (Na Str\u017ei 1702\/65 14000 Praha 4 \u010cesk\u00e1 republika, tel.: +296 182 770, e-mail: <a style=\"color: #ffffff;\" rel=\"noopener\">info@uniondistribution.eu<\/a>) jednozna\u010dn\u00fdm vyhl\u00e1sen\u00edm (napr. listom zaslan\u00fdm po\u0161tou alebo e-mailom) o va\u0161om rozhodnut\u00ed odst\u00fapi\u0165 od tejto zmluvy. Ak si prajete, m\u00f4\u017eete na tento \u00fa\u010del pou\u017ei\u0165 prilo\u017een\u00fd vzorov\u00fd formul\u00e1r na odst\u00fapenie od zmluvy.<\/span><\/p>\n<p><span style=\"color: #ffffff;\">Na dodr\u017eanie lehoty na odst\u00fapenie od zmluvy sta\u010d\u00ed, ak n\u00e1m za\u0161lete ozn\u00e1menie o uplatnen\u00ed pr\u00e1va na odst\u00fapenie pred uplynut\u00edm lehoty.<\/span><\/p>\n<p><span style=\"color: #ffffff;\"><strong>D\u00f4sledky odst\u00fapenia od zmluvy<\/strong><\/span><\/p>\n<p><span style=\"color: #ffffff;\">Ak odst\u00fapite od tejto zmluvy, sme povinn\u00ed v\u00e1m bez zbyto\u010dn\u00e9ho odkladu, najnesk\u00f4r v\u0161ak do 14 dn\u00ed odo d\u0148a, ke\u010f sme dostali va\u0161e ozn\u00e1menie o odst\u00fapen\u00ed, vr\u00e1ti\u0165 v\u0161etky platby, ktor\u00e9 sme od v\u00e1s prijali, vr\u00e1tane n\u00e1kladov na doru\u010denie (s v\u00fdnimkou dodato\u010dn\u00fdch n\u00e1kladov vypl\u00fdvaj\u00facich z toho, \u017ee ste si zvolili in\u00fa formu doru\u010denia, ne\u017e je na\u0161a najlacnej\u0161ia pon\u00fakan\u00e1 \u0161tandardn\u00e1 forma doru\u010denia). Na vr\u00e1tenie pou\u017eijeme rovnak\u00fd platobn\u00fd prostriedok, ktor\u00fd ste pou\u017eili pri p\u00f4vodnej transakcii, ak sa s vami v\u00fdslovne nedohodneme inak; za t\u00fato \u00fahradu v\u00e1m nikdy nebudeme \u00fa\u010dtova\u0165 \u017eiadne poplatky. Peniaze m\u00f4\u017eeme zadr\u017ea\u0165, k\u00fdm neobdr\u017e\u00edme vr\u00e1ten\u00fd tovar alebo k\u00fdm n\u00e1m nepredlo\u017e\u00edte d\u00f4kaz o jeho odoslan\u00ed, pod\u013ea toho, \u010do nastane sk\u00f4r.<\/span><\/p>\n<p><span style=\"color: #ffffff;\">Tovar n\u00e1m mus\u00edte vr\u00e1ti\u0165 alebo odovzda\u0165 bez zbyto\u010dn\u00e9ho odkladu, najnesk\u00f4r v\u0161ak do 14 dn\u00ed odo d\u0148a, ke\u010f n\u00e1s informujete o odst\u00fapen\u00ed od tejto zmluvy. Lehota sa pova\u017euje za dodr\u017ean\u00fa, ak tovar odo\u0161lete sp\u00e4\u0165 pred uplynut\u00edm 14 dn\u00ed.<\/span><\/p>\n<p><span style=\"color: #ffffff;\">Predmety, ktor\u00e9 je mo\u017en\u00e9 vr\u00e1ti\u0165 po\u0161tou, zasielame na na\u0161e riziko. N\u00e1klady na sp\u00e4tn\u00fa prepravu nesiete vy, ak dodan\u00fd tovar zodpoved\u00e1 objednan\u00e9mu tovaru a ak cena vr\u00e1ten\u00e9ho predmetu nepresahuje 40,00 EUR, alebo ak ste v pr\u00edpade vy\u0161\u0161ej ceny predmetu pri odst\u00fapen\u00ed od zmluvy neuskuto\u010dnili dohodnut\u00fa platbu alebo jej \u010das\u0165. V opa\u010dnom pr\u00edpade je vr\u00e1tenie tovaru pre v\u00e1s bezplatn\u00e9.<\/span><\/p>\n<p><span style=\"color: #ffffff;\">Ak\u00e9ko\u013evek zn\u00ed\u017eenie hodnoty tovaru ste povinn\u00ed uhradi\u0165 iba v pr\u00edpade, ak toto zn\u00ed\u017eenie hodnoty vzniklo zbyto\u010dnou manipul\u00e1ciou s tovarom za \u00fa\u010delom kontroly jeho kvality, vlastnost\u00ed a funk\u010dnosti.<\/span><\/p>\n","protected":false},"excerpt":{"rendered":"<p>Pr\u00e1vo na zru\u0161enie M\u00e1te pr\u00e1vo odst\u00fapi\u0165 od tejto zmluvy do&#8230;<\/p>\n","protected":false},"author":1,"featured_media":3013,"parent":0,"menu_order":0,"comment_status":"closed","ping_status":"closed","template":"","meta":{"inline_featured_image":false,"footnotes":""},"class_list":["post-3066","page","type-page","status-publish","has-post-thumbnail","hentry"],"acf":[],"yoast_head":"<!-- This site is optimized with the Yoast SEO plugin v27.4 - https:\/\/yoast.com\/product\/yoast-seo-wordpress\/ -->\n<title>Odst\u00fapenie od zmluvy | UDTV Store - Jednoduch\u00e9 vr\u00e1tenie telev\u00edzora<\/title>\n<meta name=\"description\" content=\"Jednoduch\u00e9 odst\u00fapenie od zmluvy v UDTV Store. Vr\u00e1tenie telev\u00edzora do 14 dn\u00ed s r\u00fdchlym procesom a z\u00e1kazn\u00edckou podporou.\" \/>\n<meta name=\"robots\" content=\"index, follow, max-snippet:-1, max-image-preview:large, max-video-preview:-1\" \/>\n<link rel=\"canonical\" href=\"https:\/\/udtv-cz.store\/sk\/odstupenie-od-zmluvy\/\" \/>\n<meta property=\"og:locale\" content=\"sk_SK\" \/>\n<meta property=\"og:type\" content=\"article\" \/>\n<meta property=\"og:title\" content=\"Odst\u00fapenie od zmluvy | UDTV Store - Jednoduch\u00e9 vr\u00e1tenie telev\u00edzora\" \/>\n<meta property=\"og:description\" content=\"Jednoduch\u00e9 odst\u00fapenie od zmluvy v UDTV Store. Vr\u00e1tenie telev\u00edzora do 14 dn\u00ed s r\u00fdchlym procesom a z\u00e1kazn\u00edckou podporou.\" \/>\n<meta property=\"og:url\" content=\"https:\/\/udtv-cz.store\/sk\/odstupenie-od-zmluvy\/\" \/>\n<meta property=\"og:site_name\" content=\"UDTV\" \/>\n<meta property=\"og:image\" content=\"https:\/\/udtv-cz.store\/wp-content\/uploads\/2023\/06\/label.png\" \/>\n\t<meta property=\"og:image:width\" content=\"1500\" \/>\n\t<meta property=\"og:image:height\" content=\"1500\" \/>\n\t<meta property=\"og:image:type\" content=\"image\/png\" \/>\n<meta name=\"twitter:card\" content=\"summary_large_image\" \/>\n<meta name=\"twitter:label1\" content=\"Est. reading time\" \/>\n\t<meta name=\"twitter:data1\" content=\"2 min\u00faty\" \/>\n<script type=\"application\/ld+json\" class=\"yoast-schema-graph\">{\"@context\":\"https:\\\/\\\/schema.org\",\"@graph\":[{\"@type\":\"WebPage\",\"@id\":\"https:\\\/\\\/udtv-cz.store\\\/sk\\\/odstupenie-od-zmluvy\\\/\",\"url\":\"https:\\\/\\\/udtv-cz.store\\\/sk\\\/odstupenie-od-zmluvy\\\/\",\"name\":\"Odst\u00fapenie od zmluvy | UDTV Store - Jednoduch\u00e9 vr\u00e1tenie telev\u00edzora\",\"isPartOf\":{\"@id\":\"https:\\\/\\\/udtv-cz.store\\\/#website\"},\"primaryImageOfPage\":{\"@id\":\"https:\\\/\\\/udtv-cz.store\\\/sk\\\/odstupenie-od-zmluvy\\\/#primaryimage\"},\"image\":{\"@id\":\"https:\\\/\\\/udtv-cz.store\\\/sk\\\/odstupenie-od-zmluvy\\\/#primaryimage\"},\"thumbnailUrl\":\"https:\\\/\\\/udtv-cz.store\\\/wp-content\\\/uploads\\\/2023\\\/06\\\/label.png\",\"datePublished\":\"2022-08-25T07:57:44+00:00\",\"description\":\"Jednoduch\u00e9 odst\u00fapenie od zmluvy v UDTV Store. Vr\u00e1tenie telev\u00edzora do 14 dn\u00ed s r\u00fdchlym procesom a z\u00e1kazn\u00edckou podporou.\",\"breadcrumb\":{\"@id\":\"https:\\\/\\\/udtv-cz.store\\\/sk\\\/odstupenie-od-zmluvy\\\/#breadcrumb\"},\"inLanguage\":\"sk-SK\",\"potentialAction\":[{\"@type\":\"ReadAction\",\"target\":[\"https:\\\/\\\/udtv-cz.store\\\/sk\\\/odstupenie-od-zmluvy\\\/\"]}]},{\"@type\":\"ImageObject\",\"inLanguage\":\"sk-SK\",\"@id\":\"https:\\\/\\\/udtv-cz.store\\\/sk\\\/odstupenie-od-zmluvy\\\/#primaryimage\",\"url\":\"https:\\\/\\\/udtv-cz.store\\\/wp-content\\\/uploads\\\/2023\\\/06\\\/label.png\",\"contentUrl\":\"https:\\\/\\\/udtv-cz.store\\\/wp-content\\\/uploads\\\/2023\\\/06\\\/label.png\",\"width\":1500,\"height\":1500},{\"@type\":\"BreadcrumbList\",\"@id\":\"https:\\\/\\\/udtv-cz.store\\\/sk\\\/odstupenie-od-zmluvy\\\/#breadcrumb\",\"itemListElement\":[{\"@type\":\"ListItem\",\"position\":1,\"name\":\"Hlavn\u00e1 str\u00e1nka\",\"item\":\"https:\\\/\\\/udtv-cz.store\\\/sk\\\/\"},{\"@type\":\"ListItem\",\"position\":2,\"name\":\"Odst\u00fapenie od zmluvy\"}]},{\"@type\":\"WebSite\",\"@id\":\"https:\\\/\\\/udtv-cz.store\\\/#website\",\"url\":\"https:\\\/\\\/udtv-cz.store\\\/\",\"name\":\"UDTV\",\"description\":\"Just another WordPress site\",\"potentialAction\":[{\"@type\":\"SearchAction\",\"target\":{\"@type\":\"EntryPoint\",\"urlTemplate\":\"https:\\\/\\\/udtv-cz.store\\\/?s={search_term_string}\"},\"query-input\":{\"@type\":\"PropertyValueSpecification\",\"valueRequired\":true,\"valueName\":\"search_term_string\"}}],\"inLanguage\":\"sk-SK\"}]}<\/script>\n<!-- \/ Yoast SEO plugin. -->","yoast_head_json":{"title":"Odst\u00fapenie od zmluvy | UDTV Store - Jednoduch\u00e9 vr\u00e1tenie telev\u00edzora","description":"Jednoduch\u00e9 odst\u00fapenie od zmluvy v UDTV Store. Vr\u00e1tenie telev\u00edzora do 14 dn\u00ed s r\u00fdchlym procesom a z\u00e1kazn\u00edckou podporou.","robots":{"index":"index","follow":"follow","max-snippet":"max-snippet:-1","max-image-preview":"max-image-preview:large","max-video-preview":"max-video-preview:-1"},"canonical":"https:\/\/udtv-cz.store\/sk\/odstupenie-od-zmluvy\/","og_locale":"sk_SK","og_type":"article","og_title":"Odst\u00fapenie od zmluvy | UDTV Store - Jednoduch\u00e9 vr\u00e1tenie telev\u00edzora","og_description":"Jednoduch\u00e9 odst\u00fapenie od zmluvy v UDTV Store. Vr\u00e1tenie telev\u00edzora do 14 dn\u00ed s r\u00fdchlym procesom a z\u00e1kazn\u00edckou podporou.","og_url":"https:\/\/udtv-cz.store\/sk\/odstupenie-od-zmluvy\/","og_site_name":"UDTV","og_image":[{"width":1500,"height":1500,"url":"https:\/\/udtv-cz.store\/wp-content\/uploads\/2023\/06\/label.png","type":"image\/png"}],"twitter_card":"summary_large_image","twitter_misc":{"Est. reading time":"2 min\u00faty"},"schema":{"@context":"https:\/\/schema.org","@graph":[{"@type":"WebPage","@id":"https:\/\/udtv-cz.store\/sk\/odstupenie-od-zmluvy\/","url":"https:\/\/udtv-cz.store\/sk\/odstupenie-od-zmluvy\/","name":"Odst\u00fapenie od zmluvy | UDTV Store - Jednoduch\u00e9 vr\u00e1tenie telev\u00edzora","isPartOf":{"@id":"https:\/\/udtv-cz.store\/#website"},"primaryImageOfPage":{"@id":"https:\/\/udtv-cz.store\/sk\/odstupenie-od-zmluvy\/#primaryimage"},"image":{"@id":"https:\/\/udtv-cz.store\/sk\/odstupenie-od-zmluvy\/#primaryimage"},"thumbnailUrl":"https:\/\/udtv-cz.store\/wp-content\/uploads\/2023\/06\/label.png","datePublished":"2022-08-25T07:57:44+00:00","description":"Jednoduch\u00e9 odst\u00fapenie od zmluvy v UDTV Store. Vr\u00e1tenie telev\u00edzora do 14 dn\u00ed s r\u00fdchlym procesom a z\u00e1kazn\u00edckou podporou.","breadcrumb":{"@id":"https:\/\/udtv-cz.store\/sk\/odstupenie-od-zmluvy\/#breadcrumb"},"inLanguage":"sk-SK","potentialAction":[{"@type":"ReadAction","target":["https:\/\/udtv-cz.store\/sk\/odstupenie-od-zmluvy\/"]}]},{"@type":"ImageObject","inLanguage":"sk-SK","@id":"https:\/\/udtv-cz.store\/sk\/odstupenie-od-zmluvy\/#primaryimage","url":"https:\/\/udtv-cz.store\/wp-content\/uploads\/2023\/06\/label.png","contentUrl":"https:\/\/udtv-cz.store\/wp-content\/uploads\/2023\/06\/label.png","width":1500,"height":1500},{"@type":"BreadcrumbList","@id":"https:\/\/udtv-cz.store\/sk\/odstupenie-od-zmluvy\/#breadcrumb","itemListElement":[{"@type":"ListItem","position":1,"name":"Hlavn\u00e1 str\u00e1nka","item":"https:\/\/udtv-cz.store\/sk\/"},{"@type":"ListItem","position":2,"name":"Odst\u00fapenie od zmluvy"}]},{"@type":"WebSite","@id":"https:\/\/udtv-cz.store\/#website","url":"https:\/\/udtv-cz.store\/","name":"UDTV","description":"Just another WordPress site","potentialAction":[{"@type":"SearchAction","target":{"@type":"EntryPoint","urlTemplate":"https:\/\/udtv-cz.store\/?s={search_term_string}"},"query-input":{"@type":"PropertyValueSpecification","valueRequired":true,"valueName":"search_term_string"}}],"inLanguage":"sk-SK"}]}},"_links":{"self":[{"href":"https:\/\/udtv-cz.store\/sk\/wp-json\/wp\/v2\/pages\/3066","targetHints":{"allow":["GET"]}}],"collection":[{"href":"https:\/\/udtv-cz.store\/sk\/wp-json\/wp\/v2\/pages"}],"about":[{"href":"https:\/\/udtv-cz.store\/sk\/wp-json\/wp\/v2\/types\/page"}],"author":[{"embeddable":true,"href":"https:\/\/udtv-cz.store\/sk\/wp-json\/wp\/v2\/users\/1"}],"replies":[{"embeddable":true,"href":"https:\/\/udtv-cz.store\/sk\/wp-json\/wp\/v2\/comments?post=3066"}],"version-history":[{"count":0,"href":"https:\/\/udtv-cz.store\/sk\/wp-json\/wp\/v2\/pages\/3066\/revisions"}],"wp:featuredmedia":[{"embeddable":true,"href":"https:\/\/udtv-cz.store\/sk\/wp-json\/wp\/v2\/media\/3013"}],"wp:attachment":[{"href":"https:\/\/udtv-cz.store\/sk\/wp-json\/wp\/v2\/media?parent=3066"}],"curies":[{"name":"wp","href":"https:\/\/api.w.org\/{rel}","templated":true}]}}