{"id":3069,"date":"2022-08-25T09:17:31","date_gmt":"2022-08-25T09:17:31","guid":{"rendered":"https:\/\/udtv-cz.store\/zaruka\/"},"modified":"2022-08-25T09:17:31","modified_gmt":"2022-08-25T09:17:31","slug":"zaruka","status":"publish","type":"page","link":"https:\/\/udtv-cz.store\/sk\/zaruka\/","title":{"rendered":"Z\u00e1ruka"},"content":{"rendered":"<div class=\"flex-shrink-0 flex flex-col relative items-end\">\n<div>\n<div class=\"pt-0\">\n<div class=\"gizmo-bot-avatar flex h-8 w-8 items-center justify-center overflow-hidden rounded-full\">\n<div class=\"relative p-1 rounded-sm flex items-center justify-center bg-token-main-surface-primary text-token-text-primary h-8 w-8\"><\/div>\n<\/div>\n<\/div>\n<\/div>\n<\/div>\n<div class=\"group\/conversation-turn relative flex w-full min-w-0 flex-col agent-turn\">\n<div class=\"flex-col gap-1 md:gap-3\">\n<div class=\"flex max-w-full flex-col flex-grow\">\n<div class=\"min-h-8 text-message flex w-full flex-col items-end gap-2 whitespace-normal break-words [.text-message+&amp;]:mt-5\" dir=\"auto\" data-message-author-role=\"assistant\" data-message-id=\"571e9e16-66b9-4d43-98c1-6d972ee8c91a\" data-message-model-slug=\"gpt-4o-mini\">\n<div class=\"flex w-full flex-col gap-1 empty:hidden first:pt-[3px]\">\n<div class=\"markdown prose w-full break-words dark:prose-invert light\">\n<p>Poskytujeme dvojro\u010dn\u00fa z\u00e1ruku na z\u00e1kazn\u00edcky servis s doru\u010den\u00edm a\u017e k dver\u00e1m. Pre va\u0161e pohodlie m\u00f4\u017eete po\u017eiadavky zad\u00e1va\u0165 telefonicky alebo cez internet. Na\u0161i \u0161pecialisti v\u00e1s bud\u00fa kontaktova\u0165 do 48 hod\u00edn, vyzdvihn\u00fa telev\u00edzor a doru\u010dia ho sp\u00e4\u0165 k v\u00e1m domov. V z\u00e1vislosti od typu po\u017eiadavky m\u00f4\u017ee z\u00e1stupca servisu UD nav\u0161t\u00edvi\u0165 aj priamo u v\u00e1s doma.<\/p>\n<\/div>\n<\/div>\n<\/div>\n<\/div>\n<\/div>\n<\/div>\n","protected":false},"excerpt":{"rendered":"<p>Poskytujeme dvojro\u010dn\u00fa z\u00e1ruku na z\u00e1kazn\u00edcky servis s doru\u010den\u00edm a\u017e k&#8230;<\/p>\n","protected":false},"author":1,"featured_media":3013,"parent":0,"menu_order":0,"comment_status":"closed","ping_status":"closed","template":"warranty.php","meta":{"inline_featured_image":false,"footnotes":""},"class_list":["post-3069","page","type-page","status-publish","has-post-thumbnail","hentry"],"acf":[],"yoast_head":"<!-- This site is optimized with the Yoast SEO plugin v27.5 - https:\/\/yoast.com\/product\/yoast-seo-wordpress\/ -->\n<title>Z\u00e1ruka - UDTV<\/title>\n<meta name=\"description\" content=\"Poskytujeme dvojro\u010dn\u00fa z\u00e1ruku na z\u00e1kazn\u00edcky servis s doru\u010den\u00edm a\u017e k dver\u00e1m. Pre va\u0161e pohodlie m\u00f4\u017eete po\u017eiadavky zad\u00e1va\u0165 telefonicky alebo cez internet. - UDTV\" \/>\n<meta name=\"robots\" content=\"index, follow, max-snippet:-1, max-image-preview:large, max-video-preview:-1\" \/>\n<link rel=\"canonical\" href=\"https:\/\/udtv-cz.store\/sk\/zaruka\/\" \/>\n<meta property=\"og:locale\" content=\"sk_SK\" \/>\n<meta property=\"og:type\" content=\"article\" \/>\n<meta property=\"og:title\" content=\"Z\u00e1ruka - UDTV\" \/>\n<meta property=\"og:description\" content=\"Poskytujeme dvojro\u010dn\u00fa z\u00e1ruku na z\u00e1kazn\u00edcky servis s doru\u010den\u00edm a\u017e k dver\u00e1m. Pre va\u0161e pohodlie m\u00f4\u017eete po\u017eiadavky zad\u00e1va\u0165 telefonicky alebo cez internet. - UDTV\" \/>\n<meta property=\"og:url\" content=\"https:\/\/udtv-cz.store\/sk\/zaruka\/\" \/>\n<meta property=\"og:site_name\" content=\"UDTV\" \/>\n<meta property=\"og:image\" content=\"https:\/\/udtv-cz.store\/wp-content\/uploads\/2023\/06\/label.png\" \/>\n\t<meta property=\"og:image:width\" content=\"1500\" \/>\n\t<meta property=\"og:image:height\" content=\"1500\" \/>\n\t<meta property=\"og:image:type\" content=\"image\/png\" \/>\n<meta name=\"twitter:card\" content=\"summary_large_image\" \/>\n<script type=\"application\/ld+json\" class=\"yoast-schema-graph\">{\"@context\":\"https:\\\/\\\/schema.org\",\"@graph\":[{\"@type\":\"WebPage\",\"@id\":\"https:\\\/\\\/udtv-cz.store\\\/sk\\\/zaruka\\\/\",\"url\":\"https:\\\/\\\/udtv-cz.store\\\/sk\\\/zaruka\\\/\",\"name\":\"Z\u00e1ruka - UDTV\",\"isPartOf\":{\"@id\":\"https:\\\/\\\/udtv-cz.store\\\/#website\"},\"primaryImageOfPage\":{\"@id\":\"https:\\\/\\\/udtv-cz.store\\\/sk\\\/zaruka\\\/#primaryimage\"},\"image\":{\"@id\":\"https:\\\/\\\/udtv-cz.store\\\/sk\\\/zaruka\\\/#primaryimage\"},\"thumbnailUrl\":\"https:\\\/\\\/udtv-cz.store\\\/wp-content\\\/uploads\\\/2023\\\/06\\\/label.png\",\"datePublished\":\"2022-08-25T09:17:31+00:00\",\"description\":\"Poskytujeme dvojro\u010dn\u00fa z\u00e1ruku na z\u00e1kazn\u00edcky servis s doru\u010den\u00edm a\u017e k dver\u00e1m. Pre va\u0161e pohodlie m\u00f4\u017eete po\u017eiadavky zad\u00e1va\u0165 telefonicky alebo cez internet. - UDTV\",\"breadcrumb\":{\"@id\":\"https:\\\/\\\/udtv-cz.store\\\/sk\\\/zaruka\\\/#breadcrumb\"},\"inLanguage\":\"sk-SK\",\"potentialAction\":[{\"@type\":\"ReadAction\",\"target\":[\"https:\\\/\\\/udtv-cz.store\\\/sk\\\/zaruka\\\/\"]}]},{\"@type\":\"ImageObject\",\"inLanguage\":\"sk-SK\",\"@id\":\"https:\\\/\\\/udtv-cz.store\\\/sk\\\/zaruka\\\/#primaryimage\",\"url\":\"https:\\\/\\\/udtv-cz.store\\\/wp-content\\\/uploads\\\/2023\\\/06\\\/label.png\",\"contentUrl\":\"https:\\\/\\\/udtv-cz.store\\\/wp-content\\\/uploads\\\/2023\\\/06\\\/label.png\",\"width\":1500,\"height\":1500},{\"@type\":\"BreadcrumbList\",\"@id\":\"https:\\\/\\\/udtv-cz.store\\\/sk\\\/zaruka\\\/#breadcrumb\",\"itemListElement\":[{\"@type\":\"ListItem\",\"position\":1,\"name\":\"Hlavn\u00e1 str\u00e1nka\",\"item\":\"https:\\\/\\\/udtv-cz.store\\\/sk\\\/\"},{\"@type\":\"ListItem\",\"position\":2,\"name\":\"Z\u00e1ruka\"}]},{\"@type\":\"WebSite\",\"@id\":\"https:\\\/\\\/udtv-cz.store\\\/#website\",\"url\":\"https:\\\/\\\/udtv-cz.store\\\/\",\"name\":\"UDTV\",\"description\":\"Just another WordPress site\",\"potentialAction\":[{\"@type\":\"SearchAction\",\"target\":{\"@type\":\"EntryPoint\",\"urlTemplate\":\"https:\\\/\\\/udtv-cz.store\\\/?s={search_term_string}\"},\"query-input\":{\"@type\":\"PropertyValueSpecification\",\"valueRequired\":true,\"valueName\":\"search_term_string\"}}],\"inLanguage\":\"sk-SK\"}]}<\/script>\n<!-- \/ Yoast SEO plugin. -->","yoast_head_json":{"title":"Z\u00e1ruka - UDTV","description":"Poskytujeme dvojro\u010dn\u00fa z\u00e1ruku na z\u00e1kazn\u00edcky servis s doru\u010den\u00edm a\u017e k dver\u00e1m. Pre va\u0161e pohodlie m\u00f4\u017eete po\u017eiadavky zad\u00e1va\u0165 telefonicky alebo cez internet. - UDTV","robots":{"index":"index","follow":"follow","max-snippet":"max-snippet:-1","max-image-preview":"max-image-preview:large","max-video-preview":"max-video-preview:-1"},"canonical":"https:\/\/udtv-cz.store\/sk\/zaruka\/","og_locale":"sk_SK","og_type":"article","og_title":"Z\u00e1ruka - UDTV","og_description":"Poskytujeme dvojro\u010dn\u00fa z\u00e1ruku na z\u00e1kazn\u00edcky servis s doru\u010den\u00edm a\u017e k dver\u00e1m. Pre va\u0161e pohodlie m\u00f4\u017eete po\u017eiadavky zad\u00e1va\u0165 telefonicky alebo cez internet. - UDTV","og_url":"https:\/\/udtv-cz.store\/sk\/zaruka\/","og_site_name":"UDTV","og_image":[{"width":1500,"height":1500,"url":"https:\/\/udtv-cz.store\/wp-content\/uploads\/2023\/06\/label.png","type":"image\/png"}],"twitter_card":"summary_large_image","schema":{"@context":"https:\/\/schema.org","@graph":[{"@type":"WebPage","@id":"https:\/\/udtv-cz.store\/sk\/zaruka\/","url":"https:\/\/udtv-cz.store\/sk\/zaruka\/","name":"Z\u00e1ruka - UDTV","isPartOf":{"@id":"https:\/\/udtv-cz.store\/#website"},"primaryImageOfPage":{"@id":"https:\/\/udtv-cz.store\/sk\/zaruka\/#primaryimage"},"image":{"@id":"https:\/\/udtv-cz.store\/sk\/zaruka\/#primaryimage"},"thumbnailUrl":"https:\/\/udtv-cz.store\/wp-content\/uploads\/2023\/06\/label.png","datePublished":"2022-08-25T09:17:31+00:00","description":"Poskytujeme dvojro\u010dn\u00fa z\u00e1ruku na z\u00e1kazn\u00edcky servis s doru\u010den\u00edm a\u017e k dver\u00e1m. Pre va\u0161e pohodlie m\u00f4\u017eete po\u017eiadavky zad\u00e1va\u0165 telefonicky alebo cez internet. - UDTV","breadcrumb":{"@id":"https:\/\/udtv-cz.store\/sk\/zaruka\/#breadcrumb"},"inLanguage":"sk-SK","potentialAction":[{"@type":"ReadAction","target":["https:\/\/udtv-cz.store\/sk\/zaruka\/"]}]},{"@type":"ImageObject","inLanguage":"sk-SK","@id":"https:\/\/udtv-cz.store\/sk\/zaruka\/#primaryimage","url":"https:\/\/udtv-cz.store\/wp-content\/uploads\/2023\/06\/label.png","contentUrl":"https:\/\/udtv-cz.store\/wp-content\/uploads\/2023\/06\/label.png","width":1500,"height":1500},{"@type":"BreadcrumbList","@id":"https:\/\/udtv-cz.store\/sk\/zaruka\/#breadcrumb","itemListElement":[{"@type":"ListItem","position":1,"name":"Hlavn\u00e1 str\u00e1nka","item":"https:\/\/udtv-cz.store\/sk\/"},{"@type":"ListItem","position":2,"name":"Z\u00e1ruka"}]},{"@type":"WebSite","@id":"https:\/\/udtv-cz.store\/#website","url":"https:\/\/udtv-cz.store\/","name":"UDTV","description":"Just another WordPress site","potentialAction":[{"@type":"SearchAction","target":{"@type":"EntryPoint","urlTemplate":"https:\/\/udtv-cz.store\/?s={search_term_string}"},"query-input":{"@type":"PropertyValueSpecification","valueRequired":true,"valueName":"search_term_string"}}],"inLanguage":"sk-SK"}]}},"_links":{"self":[{"href":"https:\/\/udtv-cz.store\/sk\/wp-json\/wp\/v2\/pages\/3069","targetHints":{"allow":["GET"]}}],"collection":[{"href":"https:\/\/udtv-cz.store\/sk\/wp-json\/wp\/v2\/pages"}],"about":[{"href":"https:\/\/udtv-cz.store\/sk\/wp-json\/wp\/v2\/types\/page"}],"author":[{"embeddable":true,"href":"https:\/\/udtv-cz.store\/sk\/wp-json\/wp\/v2\/users\/1"}],"replies":[{"embeddable":true,"href":"https:\/\/udtv-cz.store\/sk\/wp-json\/wp\/v2\/comments?post=3069"}],"version-history":[{"count":0,"href":"https:\/\/udtv-cz.store\/sk\/wp-json\/wp\/v2\/pages\/3069\/revisions"}],"wp:featuredmedia":[{"embeddable":true,"href":"https:\/\/udtv-cz.store\/sk\/wp-json\/wp\/v2\/media\/3013"}],"wp:attachment":[{"href":"https:\/\/udtv-cz.store\/sk\/wp-json\/wp\/v2\/media?parent=3069"}],"curies":[{"name":"wp","href":"https:\/\/api.w.org\/{rel}","templated":true}]}}