{"id":3071,"date":"2022-08-25T07:53:54","date_gmt":"2022-08-25T07:53:54","guid":{"rendered":"https:\/\/udtv-cz.store\/zasady-ochrany-osobnych-udajov\/"},"modified":"2022-08-25T07:53:54","modified_gmt":"2022-08-25T07:53:54","slug":"zasady-ochrany-osobnych-udajov","status":"publish","type":"page","link":"https:\/\/udtv-cz.store\/sk\/zasady-ochrany-osobnych-udajov\/","title":{"rendered":"Z\u00e1sady ochrany osobn\u00fdch \u00fadajov"},"content":{"rendered":"<p><span style=\"color: #ffffff;\">V r\u00e1mci tohto dokumentu si V\u00e1s dovo\u013eujeme obozn\u00e1mi\u0165 so v\u0161etk\u00fdmi d\u00f4le\u017eit\u00fdmi inform\u00e1ciami, ktor\u00e9 sa t\u00fdkaj\u00fa spracovania osobn\u00fdch \u00fadajov pri prev\u00e1dzke internetov\u00e9ho obchodu udtv.store.<\/span><\/p>\n<p><span style=\"color: #ffffff;\">Prev\u00e1dzkovate\u013eom internetov\u00e9ho obchodu udtv.store a z\u00e1rove\u0148 spr\u00e1vcom a spracovate\u013eom osobn\u00fdch \u00fadajov je spolo\u010dnos\u0165 Union Distribution so s\u00eddlom Na Str\u017ei 1702\/65, 14000 Praha 4, \u010cesk\u00e1 republika (\u010falej len \u201eUnion Distribution\u201c).<\/span><\/p>\n<p><span style=\"color: #ffffff;\"><strong>1.Z\u00e1kazn\u00edcky \u00fa\u010det<\/strong><\/span><br \/>\n<span style=\"color: #ffffff;\">Z\u00e1kazn\u00edcky \u00fa\u010det sl\u00fa\u017ei prim\u00e1rne na jednoduch\u0161ie objedn\u00e1vanie tovaru, sledovanie stavu objedn\u00e1vky a doru\u010denie fakt\u00fary. Z\u00e1kazn\u00edk m\u00e1 mo\u017enos\u0165 si \u00fa\u010det zalo\u017ei\u0165 s\u00e1m.<\/span><br \/>\n<span style=\"color: #ffffff;\">V s\u00favislosti s poskytovan\u00edm slu\u017eieb zhroma\u017e\u010fujeme kontaktn\u00e9 \u00fadaje uveden\u00e9 vo formul\u00e1ri (meno, priezvisko, e-mailov\u00e1 adresa, doru\u010dovacia adresa, telef\u00f3nne \u010d\u00edslo) a \u010falej osobn\u00e9 \u00fadaje vo forme n\u00e1kupnej hist\u00f3rie. Z\u00e1kazn\u00edk m\u00e1 mo\u017enos\u0165 s\u00e1m \u00fadaje aktualizova\u0165 alebo dop\u013a\u0148a\u0165; za spr\u00e1vnos\u0165 \u00fadajov zodpoved\u00e1 z\u00e1kazn\u00edk.<\/span><\/p>\n<p><span style=\"color: #ffffff;\">V r\u00e1mci \u00fa\u010dtu si m\u00f4\u017ee z\u00e1kazn\u00edk nastavi\u0165 formu komunik\u00e1cie \u2013 m\u00f4\u017ee tak s\u00e1m aktivova\u0165 alebo deaktivova\u0165 r\u00f4zne druhy obchodn\u00fdch ozn\u00e1men\u00ed, ktor\u00e9 mu m\u00f4\u017eu by\u0165 doru\u010dovan\u00e9. V pr\u00edpade, \u017ee z\u00e1kazn\u00edk nechce \u017eiadnu formu obchodn\u00e9ho ozn\u00e1menia, bud\u00fa jeho \u00fadaje z registra\u010dn\u00e9ho formul\u00e1ra vyu\u017eit\u00e9 iba na vybavovanie jednotliv\u00fdch objedn\u00e1vok a s\u00favisiace \u00fakony, pr\u00edpadne na \u010fal\u0161ie \u00fa\u010dely, na ktor\u00e9 sa s\u00fahlas z\u00e1kazn\u00edka nevy\u017eaduje. Z\u00e1kazn\u00edk m\u00e1 mo\u017enos\u0165 si \u00fa\u010det zru\u0161i\u0165 s\u00e1m, pr\u00edpadne m\u00f4\u017ee kontaktova\u0165 Union Distribution (<a style=\"color: #ffffff;\" rel=\"noopener\">info@uniondistribution.eu<\/a>). Zru\u0161enie \u00fa\u010dtu je v\u0161ak mo\u017en\u00e9 a\u017e po \u00faplnom dokon\u010den\u00ed poslednej objedn\u00e1vky.<\/span><\/p>\n<p><span style=\"color: #ffffff;\"><strong>2. K\u00fapna zmluva<\/strong><\/span><br \/>\n<span style=\"color: #ffffff;\">Za \u00fa\u010delom plnenia k\u00fapnej zmluvy spracov\u00e1va Union Distribution osobn\u00e9 \u00fadaje Z\u00e1kazn\u00edka \/ Kupuj\u00faceho, a to v rozsahu potrebnom na plnenie k\u00fapnej zmluvy (meno a priezvisko, doru\u010dovacia adresa, e-mailov\u00e1 adresa, telef\u00f3nne \u010d\u00edslo a \u00fadaje o tovare, faktura\u010dn\u00e9 \u00fadaje). Kupuj\u00faci tieto osobn\u00e9 \u00fadaje poskytuje po\u010das objedn\u00e1vania a prevzatia tovaru priamo, alebo prostredn\u00edctvom svojho u\u017e\u00edvate\u013esk\u00e9ho \u00fa\u010dtu, ak m\u00e1 \u00fa\u010det zriaden\u00fd. Ak m\u00e1 Kupuj\u00faci u\u017e\u00edvate\u013esk\u00fd \u00fa\u010det, plat\u00ed doba spracovania osobn\u00fdch \u00fadajov stanoven\u00e1 pre u\u017e\u00edvate\u013esk\u00fd \u00fa\u010det.<\/span><\/p>\n<p><span style=\"color: #ffffff;\">V s\u00favislosti s vybavovan\u00edm objedn\u00e1vky pri platbe kreditnou kartou na e-shope udtv.store m\u00f4\u017eu by\u0165 osobn\u00e9 \u00fadaje uveden\u00e9 v r\u00e1mci objedn\u00e1vky (meno, priezvisko, e-mailov\u00e1 adresa, faktura\u010dn\u00e1 adresa, dodacia adresa, telef\u00f3nne \u010d\u00edslo) poskytnut\u00e9 poskytovate\u013eom platobn\u00fdch br\u00e1n. \u00da\u010delom je u\u013eah\u010di\u0165 platbu kreditnou kartou na e-shope udtv.store zo strany z\u00e1kazn\u00edka. Toto poskytnutie je zalo\u017een\u00e9 na opr\u00e1vnenom z\u00e1ujme udtv.store.<\/span><\/p>\n<p><span style=\"color: #ffffff;\"><strong>3. Obchodn\u00e9 ozn\u00e1menia (Newsletter na mieru)<\/strong><\/span><br \/>\n<span style=\"color: #ffffff;\">udtv.store pon\u00faka svojim Z\u00e1kazn\u00edkom mo\u017enos\u0165 z\u00edskava\u0165 individualizovan\u00e9 obchodn\u00e9 ozn\u00e1menia, teda informa\u010dn\u00e9 e-maily, SMS, telefonick\u00e9 ponuky a po\u0161tov\u00e9 z\u00e1sielky od udtv.store. Tieto ozn\u00e1menia sa t\u00fdkaj\u00fa v\u00fdhodn\u00fdch n\u00e1kupov, zliav, akci\u00ed a zauj\u00edmavost\u00ed, ktor\u00e9 s\u00favisia s predmetom \u010dinnosti udtv.store.<\/span><\/p>\n<p><span style=\"color: #ffffff;\">Tak\u00e9to ozn\u00e1menia s\u00fa zasielan\u00e9 iba so s\u00fahlasom Z\u00e1kazn\u00edka. Na tento \u00fa\u010del potom Union Distribution spracov\u00e1va osobn\u00e9 \u00fadaje Z\u00e1kazn\u00edka v rozsahu mena a priezviska, pohlavia, e-mailovej adresy, telef\u00f3nneho \u010d\u00edsla, n\u00e1kupnej hist\u00f3rie, doru\u010dovacej adresy, inform\u00e1ci\u00ed o vyu\u017e\u00edvan\u00ed pon\u00fak a inform\u00e1ci\u00ed z newsletterov, technick\u00fdch inform\u00e1ci\u00ed ako \u00fadaje o doru\u010den\u00ed obchodn\u00fdch ozn\u00e1men\u00ed, o zariaden\u00ed, prehliada\u010di a pribli\u017enej lokaliz\u00e1cii. Tieto osobn\u00e9 \u00fadaje s\u00fa spracov\u00e1van\u00e9 v datab\u00e1ze st\u00e1lych z\u00e1kazn\u00edkov udtv.store. Z\u00e1kazn\u00edk s\u00fahlas\u00ed s t\u00fdmto spracovan\u00edm dobrovo\u013ene a m\u00f4\u017ee ho kedyko\u013evek odvola\u0165. Odvolanie je mo\u017en\u00e9 uskuto\u010dni\u0165 cez odkaz uveden\u00fd v obchodnom ozn\u00e1men\u00ed \/ e-maile alebo na tejto e-mailovej adrese: <a style=\"color: #ffffff;\" rel=\"noopener\">info@uniondistribution.eu<\/a><\/span><\/p>\n<p><span style=\"color: #ffffff;\">Deaktiv\u00e1cia zasielania obchodn\u00fdch ozn\u00e1men\u00ed bude v takom pr\u00edpade vybaven\u00e1 \u010do najsk\u00f4r odo d\u0148a odvolania s\u00fahlasu, s oh\u013eadom na dostupn\u00e9 technicko-organiza\u010dn\u00e9 mo\u017enosti <a style=\"color: #ffffff;\" rel=\"noopener\">info@uniondistribution.eu<\/a>. V r\u00e1mci spracovania bude doch\u00e1dza\u0165 k automatizovan\u00e9mu rozhodovaniu vr\u00e1tane profilovania, av\u0161ak bez pr\u00e1vnych \u00fa\u010dinkov pre subjekt \u00fadajov. Profilovanie sa vyu\u017e\u00edva na individualiz\u00e1ciu obchodn\u00fdch ozn\u00e1men\u00ed (na tento \u00fa\u010del sa vytv\u00e1raj\u00fa z\u00e1kazn\u00edcke profily) a anal\u00fdzu kampan\u00ed newsletterov.<\/span><\/p>\n<p><span style=\"color: #ffffff;\"><strong>4. Spracovatelia<\/strong><\/span><br \/>\n<span style=\"color: #ffffff;\">V t\u00fdchto pr\u00edpadoch pred\u00e1vame Va\u0161e osobn\u00e9 \u00fadaje tret\u00edm subjektom:<\/span><br \/>\n<span style=\"color: #ffffff;\">Dopravca: Na \u00fa\u010dely doru\u010denia tovaru musia by\u0165 zo strany Union Distribution konkr\u00e9tnemu dopravcovi odovzdan\u00e9 \u00fadaje Z\u00e1kazn\u00edka, t.j. meno a priezvisko, doru\u010dovaciu adresu, telef\u00f3nne \u010d\u00edslo, pr\u00edpadne sumu, ktor\u00fa je potrebn\u00e9 pri prevzat\u00ed tovaru uhradi\u0165.<\/span><\/p>\n<p><span style=\"color: #ffffff;\">\u0160t\u00e1tne org\u00e1ny: V pr\u00edpade vym\u00e1hania na\u0161ich pr\u00e1v m\u00f4\u017eu by\u0165 \u00fadaje Z\u00e1kazn\u00edka odovzdan\u00e9 tretiemu subjektu (napr. advok\u00e1tovi). Ak pr\u00e1vny poriadok alebo org\u00e1n \u0161t\u00e1tnej moci (napr. Pol\u00edcia \u010cR) ulo\u017e\u00ed Union Distribution povinnos\u0165 odovzda\u0165 osobn\u00e9 \u00fadaje Z\u00e1kazn\u00edka.<\/span><\/p>\n<ol start=\"5\">\n<li><span style=\"color: #ffffff;\"><strong>Pr\u00e1va subjektu osobn\u00fdch \u00fadajov<\/strong><\/span><\/li>\n<\/ol>\n<p><span style=\"color: #ffffff;\"><strong>Pr\u00e1vo na spr\u00edstupnenie inform\u00e1ci\u00ed a pr\u00e1vo na ich opravu<\/strong><\/span><br \/>\n<span style=\"color: #ffffff;\">M\u00e1te pr\u00e1vo po\u017eiada\u0165 o zaslanie potvrdenia, \u010di s\u00fa alebo nie s\u00fa Va\u0161e osobn\u00e9 \u00fadaje spracov\u00e1van\u00e9. V pr\u00edpade, \u017ee Va\u0161e \u00fadaje bud\u00fa spracov\u00e1van\u00e9, m\u00f4\u017eeme V\u00e1s informova\u0165 o pr\u00edpadn\u00fdch osob\u00e1ch, ktor\u00fdm boli alebo bud\u00fa Va\u0161e osobn\u00e9 \u00fadaje spr\u00edstupnen\u00e9 a ak nez\u00edskame osobn\u00e9 \u00fadaje od V\u00e1s, m\u00e1te pr\u00e1vo na v\u0161etky n\u00e1m dostupn\u00e9 inform\u00e1cie o tom, odkia\u013e sme Va\u0161e osobn\u00e9 \u00fadaje z\u00edskali.<\/span><\/p>\n<p><span style=\"color: #ffffff;\">Ak zist\u00edte, \u017ee Va\u0161e osobn\u00e9 \u00fadaje s\u00fa spracov\u00e1van\u00e9 nespr\u00e1vne, m\u00f4\u017eete n\u00e1s na t\u00fato skuto\u010dnos\u0165 upozorni\u0165 a my n\u00e1sledne bez zbyto\u010dn\u00e9ho odkladu oprav\u00edme nespr\u00e1vne \u00fadaje.<\/span><\/p>\n<p><span style=\"color: #ffffff;\"><strong>6. Pr\u00e1vo vznesenia n\u00e1mietky proti spracovaniu osobn\u00fdch \u00fadajov<\/strong><\/span><br \/>\n<span style=\"color: #ffffff;\">V pr\u00edpade, \u017ee budeme Va\u0161e osobn\u00e9 \u00fadaje spracov\u00e1va\u0165 na z\u00e1klade opr\u00e1vnen\u00e9ho z\u00e1ujmu, m\u00e1te pr\u00e1vo proti tak\u00e9muto spracovaniu vznes\u0165 n\u00e1mietky. Ak tak\u00fato n\u00e1mietku pod\u00e1te, nebudeme m\u00f4c\u0165 Va\u0161e osobn\u00e9 \u00fadaje spracov\u00e1va\u0165, k\u00fdm nepreuk\u00e1\u017eeme, ak\u00fd z\u00e1va\u017en\u00fd opr\u00e1vnen\u00fd d\u00f4vod pre spracovanie m\u00e1me a \u017ee tento d\u00f4vod prev\u00e1\u017ei nad Va\u0161imi z\u00e1ujmami.<\/span><\/p>\n<p><span style=\"color: #ffffff;\">Ak by sme spracov\u00e1vali Va\u0161e osobn\u00e9 \u00fadaje na \u00fa\u010dely priameho marketingu (napr. na zasielanie obchodn\u00fdch ozn\u00e1men\u00ed), m\u00f4\u017eete vznes\u0165 n\u00e1mietky proti tak\u00e9muto spracovaniu na vy\u0161\u0161ie uveden\u00fa e-mailov\u00fa adresu. Po vznesen\u00ed tejto n\u00e1mietky u\u017e nebudeme tieto \u00fadaje na \u00fa\u010dely priameho marketingu spracov\u00e1va\u0165.<\/span><\/p>\n<p><span style=\"color: #ffffff;\"><strong>Pr\u00e1vo na obmedzenie spracovania osobn\u00fdch \u00fadajov<\/strong><\/span><br \/>\n<span style=\"color: #ffffff;\">M\u00e1te pr\u00e1vo, aby sme obmedzili spracovanie Va\u0161ich osobn\u00fdch \u00fadajov, vr\u00e1tane ich vymazania:<\/span><\/p>\n<ul>\n<li><span style=\"color: #ffffff;\">Ak ozn\u00e1mite, \u017ee osobn\u00e9 \u00fadaje, ktor\u00e9 sme zhroma\u017edili, s\u00fa nespr\u00e1vne, a\u017e k\u00fdm neover\u00edme ich spr\u00e1vnos\u0165.<\/span><\/li>\n<li><span style=\"color: #ffffff;\">Ak bude spracovanie Va\u0161ich osobn\u00fdch \u00fadajov nez\u00e1konn\u00e9 a Vy po\u017eiadate namiesto vymazania o obmedzenie ich pou\u017eitia.<\/span><\/li>\n<li><span style=\"color: #ffffff;\">Ak vznesiete n\u00e1mietku proti spracovaniu, a to a\u017e do overenia, \u010di na\u0161e d\u00f4vody spracovania prev\u00e1\u017eia nad Va\u0161imi z\u00e1ujmami.<\/span><\/li>\n<\/ul>\n<p><span style=\"color: #ffffff;\"><strong>Pr\u00e1vo na zabudnutie (pr\u00e1vo na vymazanie osobn\u00fdch \u00fadajov)<\/strong><\/span><br \/>\n<span style=\"color: #ffffff;\">Ak zist\u00edte, \u017ee spracov\u00e1vame Va\u0161e osobn\u00e9 \u00fadaje:<\/span><\/p>\n<ul>\n<li><span style=\"color: #ffffff;\">Hoci u\u017e nie je ich spracovanie potrebn\u00e9 na \u00fa\u010dely, na ktor\u00e9 sme ich z\u00edskali.<\/span><\/li>\n<li><span style=\"color: #ffffff;\">Odvol\u00e1te s\u00fahlas s ich spracovan\u00edm a nebude existova\u0165 \u017eiadny in\u00fd d\u00f4vod na ich spracovanie (samozrejme len v pr\u00edpadoch, kde spracov\u00e1vame Va\u0161e osobn\u00e9 \u00fadaje na z\u00e1klade V\u00e1\u0161ho s\u00fahlasu).<\/span><\/li>\n<\/ul>\n<p><span style=\"color: #ffffff;\">M\u00e1te pr\u00e1vo, aby sme bez zbyto\u010dn\u00e9ho odkladu od ozn\u00e1menia t\u00fdchto skuto\u010dnost\u00ed vymazali tieto osobn\u00e9 \u00fadaje. \u00dadaje v\u0161ak nem\u00f4\u017eeme na Va\u0161u \u017eiados\u0165 vymaza\u0165, ak bude ich spracovanie nevyhnutn\u00e9 pre v\u00fdkon pr\u00e1va na slobodu prejavu a inform\u00e1ci\u00ed, na splnenie na\u0161ich pr\u00e1vnych povinnost\u00ed alebo na splnenie \u00falohy vykon\u00e1vanej vo verejnom z\u00e1ujme, \u010di na ur\u010denie, v\u00fdkon alebo obhajobu na\u0161ich pr\u00e1vnych n\u00e1rokov.<\/span><\/p>\n<p><span style=\"color: #ffffff;\"><strong>Pr\u00e1vo na poskytnutie \u00fadajov v strojovo \u010ditate\u013enej forme<\/strong><\/span><br \/>\n<span style=\"color: #ffffff;\">Ak o to po\u017eiadate, poskytneme V\u00e1m na\u0161e spracov\u00e1van\u00e9 osobn\u00e9 \u00fadaje a za\u0161leme V\u00e1m ich v \u0161trukt\u00farovanom, be\u017ene pou\u017e\u00edvanom a strojovo \u010ditate\u013enom form\u00e1te (napr. form\u00e1t *.pdf, alebo niektor\u00fd z tabu\u013ekov\u00fdch form\u00e1tov), ak takto \u00fadaje spracov\u00e1vame. Ak n\u00e1s po\u017eiadate, aby sme Va\u0161e osobn\u00e9 \u00fadaje zaslali in\u00e9mu spr\u00e1vci osobn\u00fdch \u00fadajov, m\u00e1me povinnos\u0165 tak u\u010dini\u0165, ak s\u00fa \u00fadaje u\u017e spracov\u00e1van\u00e9 t\u00fdmto sp\u00f4sobom.<\/span><\/p>\n<p><span style=\"color: #ffffff;\"><strong>Pr\u00e1vo poda\u0165 s\u0165a\u017enos\u0165 na \u00darad na ochranu osobn\u00fdch \u00fadajov<\/strong><\/span><br \/>\n<span style=\"color: #ffffff;\">V pr\u00edpade, \u017ee pod\u013ea V\u00e1\u0161ho n\u00e1zoru poru\u0161\u00edme na\u0161e pr\u00e1vne povinnosti vypl\u00fdvaj\u00face zo spracovania Va\u0161ich osobn\u00fdch \u00fadajov, m\u00f4\u017eete sa obr\u00e1ti\u0165 na \u00darad na ochranu osobn\u00fdch \u00fadajov, a to bu\u010f na adrese ich s\u00eddla Pplk. Sochora 27, Praha 7, PS\u010c 170 00, e-mailom alebo akouko\u013evek inou cestou, ktor\u00fa \u00darad na ochranu osobn\u00fdch \u00fadajov akceptuje. Podrobn\u00e9 inform\u00e1cie o \u00farade n\u00e1jdete na webov\u00fdch str\u00e1nkach <a style=\"color: #ffffff;\" href=\"http:\/\/www.uoou.cz\">.<\/a><\/span><\/p>\n<p><span style=\"color: #ffffff;\"><strong>6. Zabezpe\u010denie<\/strong><\/span><\/p>\n<p><span style=\"color: #ffffff;\">Osobn\u00e9 \u00fadaje s\u00fa ulo\u017een\u00e9 v bezpe\u010dnej datab\u00e1ze. Pr\u00edstup k osobn\u00fdm \u00fadajom je umo\u017enen\u00fd len poveren\u00fdm pracovn\u00edkom, a to len zabezpe\u010den\u00fdm sp\u00f4sobom pomocou schv\u00e1len\u00fdch pr\u00edstupov. Osobn\u00e9 \u00fadaje bud\u00fa spracov\u00e1van\u00e9 v elektronickej podobe automatizovan\u00fdm sp\u00f4sobom alebo v tla\u010denej podobe neautomatizovan\u00fdm sp\u00f4sobom. Spr\u00e1vca prijal vhodn\u00e9 technick\u00e9 a organiza\u010dn\u00e9 opatrenia na zabezpe\u010denie dostato\u010dnej ochrany osobn\u00fdch \u00fadajov, vybral a overil vhodn\u00fdch spracovate\u013eov. Ak je to mo\u017en\u00e9 a \u00fa\u010deln\u00e9, spr\u00e1vca vyu\u017e\u00edva \u0161ifrovanie a pseudonymiz\u00e1ciu, najm\u00e4 pri prenose d\u00e1t.<\/span><\/p>\n<p><span style=\"color: #ffffff;\"><strong>7. Vyu\u017e\u00edvanie osobn\u00fdch \u00fadajov<\/strong><\/span><\/p>\n<p><span style=\"color: #ffffff;\">Osobn\u00e9 \u00fadaje, ktor\u00e9 zhroma\u017e\u010fujeme, vyu\u017e\u00edvame v\u00fdhradne a len na \u00fa\u010dely poskytovania slu\u017eieb a informovania o nich.<\/span><\/p>\n<p><span style=\"color: #ffffff;\">Va\u0161e osobn\u00e9 \u00fadaje budeme spracov\u00e1va\u0165 po cel\u00fa dobu trvania zmluvn\u00e9ho vz\u0165ahu. Po skon\u010den\u00ed zmluvn\u00e9ho vz\u0165ahu mus\u00edme, vzh\u013eadom na mo\u017en\u00e9 n\u00e1mietky a pr\u00edpadn\u00e9 spory, Va\u0161e osobn\u00e9 \u00fadaje uchov\u00e1va\u0165 po dobu \u010fal\u0161\u00edch 4 rokov. Po uplynut\u00ed tejto doby bud\u00fa Va\u0161e osobn\u00e9 \u00fadaje z na\u0161ich datab\u00e1z \u00faplne vymazan\u00e9, ak znovu nevyu\u017eijete na\u0161e slu\u017eby alebo neobnov\u00edte V\u00e1\u0161 pou\u017e\u00edvate\u013esk\u00fd \u00fa\u010det, alebo ak to nie je nevyhnutn\u00e9 v konkr\u00e9tnom pr\u00edpade.<\/span><\/p>\n","protected":false},"excerpt":{"rendered":"<p>V r\u00e1mci tohto dokumentu si V\u00e1s dovo\u013eujeme obozn\u00e1mi\u0165 so v\u0161etk\u00fdmi&#8230;<\/p>\n","protected":false},"author":1,"featured_media":3013,"parent":0,"menu_order":0,"comment_status":"closed","ping_status":"open","template":"","meta":{"inline_featured_image":false,"footnotes":""},"class_list":["post-3071","page","type-page","status-publish","has-post-thumbnail","hentry"],"acf":[],"yoast_head":"<!-- This site is optimized with the Yoast SEO plugin v27.6 - https:\/\/yoast.com\/product\/yoast-seo-wordpress\/ -->\n<title>Z\u00e1sady ochrany osobn\u00fdch \u00fadajov - UDTV<\/title>\n<meta name=\"description\" content=\"V r\u00e1mci tohto dokumentu si V\u00e1s dovo\u013eujeme obozn\u00e1mi\u0165 so v\u0161etk\u00fdmi d\u00f4le\u017eit\u00fdmi inform\u00e1ciami, ktor\u00e9 sa t\u00fdkaj\u00fa spracovania osobn\u00fdch \u00fadajov pri prev\u00e1dzke - UDTV\" \/>\n<meta name=\"robots\" content=\"index, follow, max-snippet:-1, max-image-preview:large, max-video-preview:-1\" \/>\n<link rel=\"canonical\" href=\"https:\/\/udtv-cz.store\/sk\/zasady-ochrany-osobnych-udajov\/\" \/>\n<meta property=\"og:locale\" content=\"sk_SK\" \/>\n<meta property=\"og:type\" content=\"article\" \/>\n<meta property=\"og:title\" content=\"Z\u00e1sady ochrany osobn\u00fdch \u00fadajov - UDTV\" \/>\n<meta property=\"og:description\" content=\"V r\u00e1mci tohto dokumentu si V\u00e1s dovo\u013eujeme obozn\u00e1mi\u0165 so v\u0161etk\u00fdmi d\u00f4le\u017eit\u00fdmi inform\u00e1ciami, ktor\u00e9 sa t\u00fdkaj\u00fa spracovania osobn\u00fdch \u00fadajov pri prev\u00e1dzke - UDTV\" \/>\n<meta property=\"og:url\" content=\"https:\/\/udtv-cz.store\/sk\/zasady-ochrany-osobnych-udajov\/\" \/>\n<meta property=\"og:site_name\" content=\"UDTV\" \/>\n<meta property=\"og:image\" content=\"https:\/\/udtv-cz.store\/wp-content\/uploads\/2023\/06\/label.png\" \/>\n\t<meta property=\"og:image:width\" content=\"1500\" \/>\n\t<meta property=\"og:image:height\" content=\"1500\" \/>\n\t<meta property=\"og:image:type\" content=\"image\/png\" \/>\n<meta name=\"twitter:card\" content=\"summary_large_image\" \/>\n<meta name=\"twitter:label1\" content=\"Est. reading time\" \/>\n\t<meta name=\"twitter:data1\" content=\"9 min\u00fat\" \/>\n<script type=\"application\/ld+json\" class=\"yoast-schema-graph\">{\"@context\":\"https:\\\/\\\/schema.org\",\"@graph\":[{\"@type\":\"WebPage\",\"@id\":\"https:\\\/\\\/udtv-cz.store\\\/sk\\\/zasady-ochrany-osobnych-udajov\\\/\",\"url\":\"https:\\\/\\\/udtv-cz.store\\\/sk\\\/zasady-ochrany-osobnych-udajov\\\/\",\"name\":\"Z\u00e1sady ochrany osobn\u00fdch \u00fadajov - UDTV\",\"isPartOf\":{\"@id\":\"https:\\\/\\\/udtv-cz.store\\\/#website\"},\"primaryImageOfPage\":{\"@id\":\"https:\\\/\\\/udtv-cz.store\\\/sk\\\/zasady-ochrany-osobnych-udajov\\\/#primaryimage\"},\"image\":{\"@id\":\"https:\\\/\\\/udtv-cz.store\\\/sk\\\/zasady-ochrany-osobnych-udajov\\\/#primaryimage\"},\"thumbnailUrl\":\"https:\\\/\\\/udtv-cz.store\\\/wp-content\\\/uploads\\\/2023\\\/06\\\/label.png\",\"datePublished\":\"2022-08-25T07:53:54+00:00\",\"description\":\"V r\u00e1mci tohto dokumentu si V\u00e1s dovo\u013eujeme obozn\u00e1mi\u0165 so v\u0161etk\u00fdmi d\u00f4le\u017eit\u00fdmi inform\u00e1ciami, ktor\u00e9 sa t\u00fdkaj\u00fa spracovania osobn\u00fdch \u00fadajov pri prev\u00e1dzke - UDTV\",\"breadcrumb\":{\"@id\":\"https:\\\/\\\/udtv-cz.store\\\/sk\\\/zasady-ochrany-osobnych-udajov\\\/#breadcrumb\"},\"inLanguage\":\"sk-SK\",\"potentialAction\":[{\"@type\":\"ReadAction\",\"target\":[\"https:\\\/\\\/udtv-cz.store\\\/sk\\\/zasady-ochrany-osobnych-udajov\\\/\"]}]},{\"@type\":\"ImageObject\",\"inLanguage\":\"sk-SK\",\"@id\":\"https:\\\/\\\/udtv-cz.store\\\/sk\\\/zasady-ochrany-osobnych-udajov\\\/#primaryimage\",\"url\":\"https:\\\/\\\/udtv-cz.store\\\/wp-content\\\/uploads\\\/2023\\\/06\\\/label.png\",\"contentUrl\":\"https:\\\/\\\/udtv-cz.store\\\/wp-content\\\/uploads\\\/2023\\\/06\\\/label.png\",\"width\":1500,\"height\":1500},{\"@type\":\"BreadcrumbList\",\"@id\":\"https:\\\/\\\/udtv-cz.store\\\/sk\\\/zasady-ochrany-osobnych-udajov\\\/#breadcrumb\",\"itemListElement\":[{\"@type\":\"ListItem\",\"position\":1,\"name\":\"Hlavn\u00e1 str\u00e1nka\",\"item\":\"https:\\\/\\\/udtv-cz.store\\\/sk\\\/\"},{\"@type\":\"ListItem\",\"position\":2,\"name\":\"Z\u00e1sady ochrany osobn\u00fdch \u00fadajov\"}]},{\"@type\":\"WebSite\",\"@id\":\"https:\\\/\\\/udtv-cz.store\\\/#website\",\"url\":\"https:\\\/\\\/udtv-cz.store\\\/\",\"name\":\"UDTV\",\"description\":\"Just another WordPress site\",\"potentialAction\":[{\"@type\":\"SearchAction\",\"target\":{\"@type\":\"EntryPoint\",\"urlTemplate\":\"https:\\\/\\\/udtv-cz.store\\\/?s={search_term_string}\"},\"query-input\":{\"@type\":\"PropertyValueSpecification\",\"valueRequired\":true,\"valueName\":\"search_term_string\"}}],\"inLanguage\":\"sk-SK\"}]}<\/script>\n<!-- \/ Yoast SEO plugin. -->","yoast_head_json":{"title":"Z\u00e1sady ochrany osobn\u00fdch \u00fadajov - UDTV","description":"V r\u00e1mci tohto dokumentu si V\u00e1s dovo\u013eujeme obozn\u00e1mi\u0165 so v\u0161etk\u00fdmi d\u00f4le\u017eit\u00fdmi inform\u00e1ciami, ktor\u00e9 sa t\u00fdkaj\u00fa spracovania osobn\u00fdch \u00fadajov pri prev\u00e1dzke - UDTV","robots":{"index":"index","follow":"follow","max-snippet":"max-snippet:-1","max-image-preview":"max-image-preview:large","max-video-preview":"max-video-preview:-1"},"canonical":"https:\/\/udtv-cz.store\/sk\/zasady-ochrany-osobnych-udajov\/","og_locale":"sk_SK","og_type":"article","og_title":"Z\u00e1sady ochrany osobn\u00fdch \u00fadajov - UDTV","og_description":"V r\u00e1mci tohto dokumentu si V\u00e1s dovo\u013eujeme obozn\u00e1mi\u0165 so v\u0161etk\u00fdmi d\u00f4le\u017eit\u00fdmi inform\u00e1ciami, ktor\u00e9 sa t\u00fdkaj\u00fa spracovania osobn\u00fdch \u00fadajov pri prev\u00e1dzke - UDTV","og_url":"https:\/\/udtv-cz.store\/sk\/zasady-ochrany-osobnych-udajov\/","og_site_name":"UDTV","og_image":[{"width":1500,"height":1500,"url":"https:\/\/udtv-cz.store\/wp-content\/uploads\/2023\/06\/label.png","type":"image\/png"}],"twitter_card":"summary_large_image","twitter_misc":{"Est. reading time":"9 min\u00fat"},"schema":{"@context":"https:\/\/schema.org","@graph":[{"@type":"WebPage","@id":"https:\/\/udtv-cz.store\/sk\/zasady-ochrany-osobnych-udajov\/","url":"https:\/\/udtv-cz.store\/sk\/zasady-ochrany-osobnych-udajov\/","name":"Z\u00e1sady ochrany osobn\u00fdch \u00fadajov - UDTV","isPartOf":{"@id":"https:\/\/udtv-cz.store\/#website"},"primaryImageOfPage":{"@id":"https:\/\/udtv-cz.store\/sk\/zasady-ochrany-osobnych-udajov\/#primaryimage"},"image":{"@id":"https:\/\/udtv-cz.store\/sk\/zasady-ochrany-osobnych-udajov\/#primaryimage"},"thumbnailUrl":"https:\/\/udtv-cz.store\/wp-content\/uploads\/2023\/06\/label.png","datePublished":"2022-08-25T07:53:54+00:00","description":"V r\u00e1mci tohto dokumentu si V\u00e1s dovo\u013eujeme obozn\u00e1mi\u0165 so v\u0161etk\u00fdmi d\u00f4le\u017eit\u00fdmi inform\u00e1ciami, ktor\u00e9 sa t\u00fdkaj\u00fa spracovania osobn\u00fdch \u00fadajov pri prev\u00e1dzke - UDTV","breadcrumb":{"@id":"https:\/\/udtv-cz.store\/sk\/zasady-ochrany-osobnych-udajov\/#breadcrumb"},"inLanguage":"sk-SK","potentialAction":[{"@type":"ReadAction","target":["https:\/\/udtv-cz.store\/sk\/zasady-ochrany-osobnych-udajov\/"]}]},{"@type":"ImageObject","inLanguage":"sk-SK","@id":"https:\/\/udtv-cz.store\/sk\/zasady-ochrany-osobnych-udajov\/#primaryimage","url":"https:\/\/udtv-cz.store\/wp-content\/uploads\/2023\/06\/label.png","contentUrl":"https:\/\/udtv-cz.store\/wp-content\/uploads\/2023\/06\/label.png","width":1500,"height":1500},{"@type":"BreadcrumbList","@id":"https:\/\/udtv-cz.store\/sk\/zasady-ochrany-osobnych-udajov\/#breadcrumb","itemListElement":[{"@type":"ListItem","position":1,"name":"Hlavn\u00e1 str\u00e1nka","item":"https:\/\/udtv-cz.store\/sk\/"},{"@type":"ListItem","position":2,"name":"Z\u00e1sady ochrany osobn\u00fdch \u00fadajov"}]},{"@type":"WebSite","@id":"https:\/\/udtv-cz.store\/#website","url":"https:\/\/udtv-cz.store\/","name":"UDTV","description":"Just another WordPress site","potentialAction":[{"@type":"SearchAction","target":{"@type":"EntryPoint","urlTemplate":"https:\/\/udtv-cz.store\/?s={search_term_string}"},"query-input":{"@type":"PropertyValueSpecification","valueRequired":true,"valueName":"search_term_string"}}],"inLanguage":"sk-SK"}]}},"_links":{"self":[{"href":"https:\/\/udtv-cz.store\/sk\/wp-json\/wp\/v2\/pages\/3071","targetHints":{"allow":["GET"]}}],"collection":[{"href":"https:\/\/udtv-cz.store\/sk\/wp-json\/wp\/v2\/pages"}],"about":[{"href":"https:\/\/udtv-cz.store\/sk\/wp-json\/wp\/v2\/types\/page"}],"author":[{"embeddable":true,"href":"https:\/\/udtv-cz.store\/sk\/wp-json\/wp\/v2\/users\/1"}],"replies":[{"embeddable":true,"href":"https:\/\/udtv-cz.store\/sk\/wp-json\/wp\/v2\/comments?post=3071"}],"version-history":[{"count":0,"href":"https:\/\/udtv-cz.store\/sk\/wp-json\/wp\/v2\/pages\/3071\/revisions"}],"wp:featuredmedia":[{"embeddable":true,"href":"https:\/\/udtv-cz.store\/sk\/wp-json\/wp\/v2\/media\/3013"}],"wp:attachment":[{"href":"https:\/\/udtv-cz.store\/sk\/wp-json\/wp\/v2\/media?parent=3071"}],"curies":[{"name":"wp","href":"https:\/\/api.w.org\/{rel}","templated":true}]}}