{"id":3072,"date":"2024-07-03T09:58:51","date_gmt":"2024-07-03T09:58:51","guid":{"rendered":"https:\/\/udtv-cz.store\/shop\/televize-uhd-4k-google-tv-ud-85qgu8210s\/"},"modified":"2026-04-28T13:39:08","modified_gmt":"2026-04-28T13:39:08","slug":"televize-uhd-4k-google-tv-ud-85qgu8210s","status":"publish","type":"product","link":"https:\/\/udtv-cz.store\/sk\/shop\/televize-uhd-4k-google-tv-ud-85qgu8210s\/","title":{"rendered":"Televize UHD 4K Google TV UD 85QGU8210S"},"content":{"rendered":"<div class=\"flex max-w-full flex-col flex-grow\">\n<div class=\"min-h-8 text-message flex w-full flex-col items-end gap-2 whitespace-normal break-words [.text-message+&amp;]:mt-5\" dir=\"auto\" data-message-author-role=\"assistant\" data-message-id=\"6c5e250c-2d69-474d-86d4-bffa5ecf16f7\" data-message-model-slug=\"gpt-4o\">\n<div class=\"flex w-full flex-col gap-1 empty:hidden first:pt-[3px]\">\n<div class=\"markdown prose w-full break-words dark:prose-invert light\">\n<p>UHD 4K Google TV 85&#8243; s brilantn\u00edm obrazem a chytr\u00fdmi funkcemi. U\u017eijte si \u0161pi\u010dkov\u00fd z\u00e1\u017eitek z film\u016f a her s Udtv Store.<\/p>\n<\/div>\n<\/div>\n<\/div>\n<\/div>\n","protected":false},"excerpt":{"rendered":"<p>UHD 4K Google TV 85&#8243; s brilantn\u00edm obrazem a chytr\u00fdmi&#8230;<\/p>\n","protected":false},"featured_media":3090,"template":"","meta":{"inline_featured_image":false},"product_brand":[],"product_cat":[1607],"product_tag":[],"class_list":{"0":"post-3072","1":"product","2":"type-product","3":"status-publish","4":"has-post-thumbnail","6":"product_cat-4k-ultra-hd","8":"first","9":"outofstock","10":"taxable","11":"shipping-taxable","12":"product-type-simple"},"acf":[],"yoast_head":"<!-- This site is optimized with the Yoast SEO plugin v27.4 - https:\/\/yoast.com\/product\/yoast-seo-wordpress\/ -->\n<title>Televize UHD 4K Google TV UD 85QGU8210S - UDTV<\/title>\n<meta name=\"description\" content=\"UHD 4K Google TV 85&quot; s \u00fa\u017easn\u00fdm obrazem, chytr\u00fdmi funkcemi a p\u0159\u00edstupem k obl\u00edben\u00fdm aplikac\u00edm. Vylep\u0161ete sv\u016fj z\u00e1\u017eitek s Udtv Store.\" \/>\n<meta name=\"robots\" content=\"index, follow, max-snippet:-1, max-image-preview:large, max-video-preview:-1\" \/>\n<link rel=\"canonical\" href=\"https:\/\/udtv-cz.store\/shop\/uhd-4k-google-tv-ud-85qgu8210s\/\" \/>\n<meta property=\"og:locale\" content=\"sk_SK\" \/>\n<meta property=\"og:type\" content=\"article\" \/>\n<meta property=\"og:title\" content=\"Televize UHD 4K Google TV UD 85QGU8210S - UDTV\" \/>\n<meta property=\"og:description\" content=\"UHD 4K Google TV 85&quot; s \u00fa\u017easn\u00fdm obrazem, chytr\u00fdmi funkcemi a p\u0159\u00edstupem k obl\u00edben\u00fdm aplikac\u00edm. Vylep\u0161ete sv\u016fj z\u00e1\u017eitek s Udtv Store.\" \/>\n<meta property=\"og:url\" content=\"https:\/\/udtv-cz.store\/shop\/uhd-4k-google-tv-ud-85qgu8210s\/\" \/>\n<meta property=\"og:site_name\" content=\"UDTV\" \/>\n<meta property=\"article:modified_time\" content=\"2026-04-28T13:39:08+00:00\" \/>\n<meta property=\"og:image\" content=\"https:\/\/udtv-cz.store\/wp-content\/uploads\/2024\/07\/85qgu7210s.webp\" \/>\n\t<meta property=\"og:image:width\" content=\"1300\" \/>\n\t<meta property=\"og:image:height\" content=\"1050\" \/>\n\t<meta property=\"og:image:type\" content=\"image\/webp\" \/>\n<meta name=\"twitter:card\" content=\"summary_large_image\" \/>\n<script type=\"application\/ld+json\" class=\"yoast-schema-graph\">{\"@context\":\"https:\\\/\\\/schema.org\",\"@graph\":[{\"@type\":\"WebPage\",\"@id\":\"https:\\\/\\\/udtv-cz.store\\\/shop\\\/uhd-4k-google-tv-ud-85qgu8210s\\\/\",\"url\":\"https:\\\/\\\/udtv-cz.store\\\/shop\\\/uhd-4k-google-tv-ud-85qgu8210s\\\/\",\"name\":\"Televize UHD 4K Google TV UD 85QGU8210S - UDTV\",\"isPartOf\":{\"@id\":\"https:\\\/\\\/udtv-cz.store\\\/#website\"},\"primaryImageOfPage\":{\"@id\":\"https:\\\/\\\/udtv-cz.store\\\/shop\\\/uhd-4k-google-tv-ud-85qgu8210s\\\/#primaryimage\"},\"image\":{\"@id\":\"https:\\\/\\\/udtv-cz.store\\\/shop\\\/uhd-4k-google-tv-ud-85qgu8210s\\\/#primaryimage\"},\"thumbnailUrl\":\"https:\\\/\\\/udtv-cz.store\\\/wp-content\\\/uploads\\\/2024\\\/07\\\/85qgu7210s.webp\",\"datePublished\":\"2024-07-03T09:58:51+00:00\",\"dateModified\":\"2026-04-28T13:39:08+00:00\",\"description\":\"UHD 4K Google TV 85\\\" s \u00fa\u017easn\u00fdm obrazem, chytr\u00fdmi funkcemi a p\u0159\u00edstupem k obl\u00edben\u00fdm aplikac\u00edm. Vylep\u0161ete sv\u016fj z\u00e1\u017eitek s Udtv Store.\",\"breadcrumb\":{\"@id\":\"https:\\\/\\\/udtv-cz.store\\\/shop\\\/uhd-4k-google-tv-ud-85qgu8210s\\\/#breadcrumb\"},\"inLanguage\":\"sk-SK\",\"potentialAction\":[{\"@type\":\"ReadAction\",\"target\":[\"https:\\\/\\\/udtv-cz.store\\\/shop\\\/uhd-4k-google-tv-ud-85qgu8210s\\\/\"]}]},{\"@type\":\"ImageObject\",\"inLanguage\":\"sk-SK\",\"@id\":\"https:\\\/\\\/udtv-cz.store\\\/shop\\\/uhd-4k-google-tv-ud-85qgu8210s\\\/#primaryimage\",\"url\":\"https:\\\/\\\/udtv-cz.store\\\/wp-content\\\/uploads\\\/2024\\\/07\\\/85qgu7210s.webp\",\"contentUrl\":\"https:\\\/\\\/udtv-cz.store\\\/wp-content\\\/uploads\\\/2024\\\/07\\\/85qgu7210s.webp\",\"width\":1300,\"height\":1050},{\"@type\":\"BreadcrumbList\",\"@id\":\"https:\\\/\\\/udtv-cz.store\\\/shop\\\/uhd-4k-google-tv-ud-85qgu8210s\\\/#breadcrumb\",\"itemListElement\":[{\"@type\":\"ListItem\",\"position\":1,\"name\":\"Hlavn\u00e1 str\u00e1nka\",\"item\":\"https:\\\/\\\/udtv-cz.store\\\/sk\\\/\"},{\"@type\":\"ListItem\",\"position\":2,\"name\":\"Katalog\",\"item\":\"https:\\\/\\\/udtv-cz.store\\\/shop\\\/\"},{\"@type\":\"ListItem\",\"position\":3,\"name\":\"Televize UHD 4K Google TV UD 85QGU8210S\"}]},{\"@type\":\"WebSite\",\"@id\":\"https:\\\/\\\/udtv-cz.store\\\/#website\",\"url\":\"https:\\\/\\\/udtv-cz.store\\\/\",\"name\":\"UDTV\",\"description\":\"Just another WordPress site\",\"potentialAction\":[{\"@type\":\"SearchAction\",\"target\":{\"@type\":\"EntryPoint\",\"urlTemplate\":\"https:\\\/\\\/udtv-cz.store\\\/?s={search_term_string}\"},\"query-input\":{\"@type\":\"PropertyValueSpecification\",\"valueRequired\":true,\"valueName\":\"search_term_string\"}}],\"inLanguage\":\"sk-SK\"}]}<\/script>\n<!-- \/ Yoast SEO plugin. -->","yoast_head_json":{"title":"Televize UHD 4K Google TV UD 85QGU8210S - UDTV","description":"UHD 4K Google TV 85\" s \u00fa\u017easn\u00fdm obrazem, chytr\u00fdmi funkcemi a p\u0159\u00edstupem k obl\u00edben\u00fdm aplikac\u00edm. Vylep\u0161ete sv\u016fj z\u00e1\u017eitek s Udtv Store.","robots":{"index":"index","follow":"follow","max-snippet":"max-snippet:-1","max-image-preview":"max-image-preview:large","max-video-preview":"max-video-preview:-1"},"canonical":"https:\/\/udtv-cz.store\/shop\/uhd-4k-google-tv-ud-85qgu8210s\/","og_locale":"sk_SK","og_type":"article","og_title":"Televize UHD 4K Google TV UD 85QGU8210S - UDTV","og_description":"UHD 4K Google TV 85\" s \u00fa\u017easn\u00fdm obrazem, chytr\u00fdmi funkcemi a p\u0159\u00edstupem k obl\u00edben\u00fdm aplikac\u00edm. Vylep\u0161ete sv\u016fj z\u00e1\u017eitek s Udtv Store.","og_url":"https:\/\/udtv-cz.store\/shop\/uhd-4k-google-tv-ud-85qgu8210s\/","og_site_name":"UDTV","article_modified_time":"2026-04-28T13:39:08+00:00","og_image":[{"width":1300,"height":1050,"url":"https:\/\/udtv-cz.store\/wp-content\/uploads\/2024\/07\/85qgu7210s.webp","type":"image\/webp"}],"twitter_card":"summary_large_image","schema":{"@context":"https:\/\/schema.org","@graph":[{"@type":"WebPage","@id":"https:\/\/udtv-cz.store\/shop\/uhd-4k-google-tv-ud-85qgu8210s\/","url":"https:\/\/udtv-cz.store\/shop\/uhd-4k-google-tv-ud-85qgu8210s\/","name":"Televize UHD 4K Google TV UD 85QGU8210S - UDTV","isPartOf":{"@id":"https:\/\/udtv-cz.store\/#website"},"primaryImageOfPage":{"@id":"https:\/\/udtv-cz.store\/shop\/uhd-4k-google-tv-ud-85qgu8210s\/#primaryimage"},"image":{"@id":"https:\/\/udtv-cz.store\/shop\/uhd-4k-google-tv-ud-85qgu8210s\/#primaryimage"},"thumbnailUrl":"https:\/\/udtv-cz.store\/wp-content\/uploads\/2024\/07\/85qgu7210s.webp","datePublished":"2024-07-03T09:58:51+00:00","dateModified":"2026-04-28T13:39:08+00:00","description":"UHD 4K Google TV 85\" s \u00fa\u017easn\u00fdm obrazem, chytr\u00fdmi funkcemi a p\u0159\u00edstupem k obl\u00edben\u00fdm aplikac\u00edm. Vylep\u0161ete sv\u016fj z\u00e1\u017eitek s Udtv Store.","breadcrumb":{"@id":"https:\/\/udtv-cz.store\/shop\/uhd-4k-google-tv-ud-85qgu8210s\/#breadcrumb"},"inLanguage":"sk-SK","potentialAction":[{"@type":"ReadAction","target":["https:\/\/udtv-cz.store\/shop\/uhd-4k-google-tv-ud-85qgu8210s\/"]}]},{"@type":"ImageObject","inLanguage":"sk-SK","@id":"https:\/\/udtv-cz.store\/shop\/uhd-4k-google-tv-ud-85qgu8210s\/#primaryimage","url":"https:\/\/udtv-cz.store\/wp-content\/uploads\/2024\/07\/85qgu7210s.webp","contentUrl":"https:\/\/udtv-cz.store\/wp-content\/uploads\/2024\/07\/85qgu7210s.webp","width":1300,"height":1050},{"@type":"BreadcrumbList","@id":"https:\/\/udtv-cz.store\/shop\/uhd-4k-google-tv-ud-85qgu8210s\/#breadcrumb","itemListElement":[{"@type":"ListItem","position":1,"name":"Hlavn\u00e1 str\u00e1nka","item":"https:\/\/udtv-cz.store\/sk\/"},{"@type":"ListItem","position":2,"name":"Katalog","item":"https:\/\/udtv-cz.store\/shop\/"},{"@type":"ListItem","position":3,"name":"Televize UHD 4K Google TV UD 85QGU8210S"}]},{"@type":"WebSite","@id":"https:\/\/udtv-cz.store\/#website","url":"https:\/\/udtv-cz.store\/","name":"UDTV","description":"Just another WordPress site","potentialAction":[{"@type":"SearchAction","target":{"@type":"EntryPoint","urlTemplate":"https:\/\/udtv-cz.store\/?s={search_term_string}"},"query-input":{"@type":"PropertyValueSpecification","valueRequired":true,"valueName":"search_term_string"}}],"inLanguage":"sk-SK"}]}},"_links":{"self":[{"href":"https:\/\/udtv-cz.store\/sk\/wp-json\/wp\/v2\/product\/3072","targetHints":{"allow":["GET"]}}],"collection":[{"href":"https:\/\/udtv-cz.store\/sk\/wp-json\/wp\/v2\/product"}],"about":[{"href":"https:\/\/udtv-cz.store\/sk\/wp-json\/wp\/v2\/types\/product"}],"wp:featuredmedia":[{"embeddable":true,"href":"https:\/\/udtv-cz.store\/sk\/wp-json\/wp\/v2\/media\/3090"}],"wp:attachment":[{"href":"https:\/\/udtv-cz.store\/sk\/wp-json\/wp\/v2\/media?parent=3072"}],"wp:term":[{"taxonomy":"product_brand","embeddable":true,"href":"https:\/\/udtv-cz.store\/sk\/wp-json\/wp\/v2\/product_brand?post=3072"},{"taxonomy":"product_cat","embeddable":true,"href":"https:\/\/udtv-cz.store\/sk\/wp-json\/wp\/v2\/product_cat?post=3072"},{"taxonomy":"product_tag","embeddable":true,"href":"https:\/\/udtv-cz.store\/sk\/wp-json\/wp\/v2\/product_tag?post=3072"}],"curies":[{"name":"wp","href":"https:\/\/api.w.org\/{rel}","templated":true}]}}