{"id":3132,"date":"2024-07-03T09:30:44","date_gmt":"2024-07-03T09:30:44","guid":{"rendered":"https:\/\/udtv-cz.store\/shop\/televizor-uhd-4k-google-tv-ud-55qgu7210s\/"},"modified":"2026-04-28T13:39:09","modified_gmt":"2026-04-28T13:39:09","slug":"televizor-uhd-4k-google-tv-ud-55qgu7210s","status":"publish","type":"product","link":"https:\/\/udtv-cz.store\/sk\/shop\/televizor-uhd-4k-google-tv-ud-55qgu7210s\/","title":{"rendered":"Telev\u00edzor  UHD 4K Google TV UD 55QGU7210S"},"content":{"rendered":"<div class=\"flex-1 overflow-hidden\">\n<div class=\"h-full\">\n<div class=\"react-scroll-to-bottom--css-lnbam-79elbk h-full\">\n<div class=\"react-scroll-to-bottom--css-lnbam-1n7m0yu\">\n<div class=\"flex flex-col text-sm\">\n<article class=\"w-full scroll-mb-[var(--thread-trailing-height)] text-token-text-primary focus-visible:outline-2 focus-visible:outline-offset-[-4px]\" dir=\"auto\" data-testid=\"conversation-turn-21\" data-scroll-anchor=\"true\">\n<div class=\"m-auto text-base py-[18px] px-3 md:px-4 w-full md:px-5 lg:px-4 xl:px-5\">\n<div class=\"mx-auto flex flex-1 gap-4 text-base md:gap-5 lg:gap-6 md:max-w-3xl lg:max-w-[40rem] xl:max-w-[48rem]\">\n<div class=\"group\/conversation-turn relative flex w-full min-w-0 flex-col agent-turn\">\n<div class=\"flex-col gap-1 md:gap-3\">\n<div class=\"flex max-w-full flex-col flex-grow\">\n<div class=\"min-h-8 text-message flex w-full flex-col items-end gap-2 whitespace-normal break-words [.text-message+&amp;]:mt-5\" dir=\"auto\" data-message-author-role=\"assistant\" data-message-id=\"d45aae4c-1f34-415a-a73f-65c6892680e4\" data-message-model-slug=\"gpt-4o\">\n<div class=\"flex w-full flex-col gap-1 empty:hidden first:pt-[3px]\">\n<div class=\"markdown prose w-full break-words dark:prose-invert light\">\n<div class=\"flex max-w-full flex-col flex-grow\">\n<div class=\"min-h-8 text-message flex w-full flex-col items-end gap-2 whitespace-normal break-words [.text-message+&amp;]:mt-5\" dir=\"auto\" data-message-author-role=\"assistant\" data-message-id=\"4e40a3a8-dc2a-4fb4-881a-6d3ece6c5b0d\" data-message-model-slug=\"gpt-4o\">\n<div class=\"flex w-full flex-col gap-1 empty:hidden first:pt-[3px]\">\n<div class=\"markdown prose w-full break-words dark:prose-invert light\">\n<p>UHD 4K Google TV s 55&#8243; obrazovkou poskytuje jasn\u00fd obraz a inteligentn\u00e9 funkcie. Ide\u00e1lna vo\u013eba pre kvalitn\u00e9 sledovanie filmov a hranie hier s Udtv Store.<\/p>\n<\/div>\n<\/div>\n<\/div>\n<\/div>\n<\/div>\n<\/div>\n<\/div>\n<\/div>\n<\/div>\n<\/div>\n<\/div>\n<\/div>\n<\/article>\n<\/div>\n<\/div>\n<\/div>\n<\/div>\n<\/div>\n","protected":false},"excerpt":{"rendered":"<p>UHD 4K Google TV s 55&#8243; obrazovkou poskytuje jasn\u00fd obraz&#8230;<\/p>\n","protected":false},"featured_media":3141,"template":"","meta":{"inline_featured_image":false},"product_brand":[],"product_cat":[1607],"product_tag":[],"class_list":{"0":"post-3132","1":"product","2":"type-product","3":"status-publish","4":"has-post-thumbnail","6":"product_cat-4k-ultra-hd","8":"first","9":"outofstock","10":"taxable","11":"shipping-taxable","12":"product-type-simple"},"acf":[],"yoast_head":"<!-- This site is optimized with the Yoast SEO plugin v27.4 - https:\/\/yoast.com\/product\/yoast-seo-wordpress\/ -->\n<title>Telev\u00edzor UHD 4K Google TV UD 55QGU7210S - UDTV<\/title>\n<meta name=\"description\" content=\"UHD 4K Google TV 55&quot; offers a sharp image and smart features, making it the perfect choice for high-quality movie watching and gaming, available from Udtv Store.\" \/>\n<meta name=\"robots\" content=\"index, follow, max-snippet:-1, max-image-preview:large, max-video-preview:-1\" \/>\n<link rel=\"canonical\" href=\"https:\/\/udtv-cz.store\/shop\/televize-uhd-4k-google-tv-ud-55qgu7210s\/\" \/>\n<meta property=\"og:locale\" content=\"sk_SK\" \/>\n<meta property=\"og:type\" content=\"article\" \/>\n<meta property=\"og:title\" content=\"Telev\u00edzor UHD 4K Google TV UD 55QGU7210S - UDTV\" \/>\n<meta property=\"og:description\" content=\"UHD 4K Google TV 55&quot; offers a sharp image and smart features, making it the perfect choice for high-quality movie watching and gaming, available from Udtv Store.\" \/>\n<meta property=\"og:url\" content=\"https:\/\/udtv-cz.store\/shop\/televize-uhd-4k-google-tv-ud-55qgu7210s\/\" \/>\n<meta property=\"og:site_name\" content=\"UDTV\" \/>\n<meta property=\"article:modified_time\" content=\"2026-04-28T13:39:09+00:00\" \/>\n<meta property=\"og:image\" content=\"https:\/\/udtv-cz.store\/wp-content\/uploads\/2024\/07\/55qgu7210s.webp\" \/>\n\t<meta property=\"og:image:width\" content=\"1300\" \/>\n\t<meta property=\"og:image:height\" content=\"1050\" \/>\n\t<meta property=\"og:image:type\" content=\"image\/webp\" \/>\n<meta name=\"twitter:card\" content=\"summary_large_image\" \/>\n<meta name=\"twitter:label1\" content=\"Est. reading time\" \/>\n\t<meta name=\"twitter:data1\" content=\"1 min\u00fata\" \/>\n<script type=\"application\/ld+json\" class=\"yoast-schema-graph\">{\"@context\":\"https:\\\/\\\/schema.org\",\"@graph\":[{\"@type\":\"WebPage\",\"@id\":\"https:\\\/\\\/udtv-cz.store\\\/shop\\\/televize-uhd-4k-google-tv-ud-55qgu7210s\\\/\",\"url\":\"https:\\\/\\\/udtv-cz.store\\\/shop\\\/televize-uhd-4k-google-tv-ud-55qgu7210s\\\/\",\"name\":\"Telev\u00edzor UHD 4K Google TV UD 55QGU7210S - UDTV\",\"isPartOf\":{\"@id\":\"https:\\\/\\\/udtv-cz.store\\\/#website\"},\"primaryImageOfPage\":{\"@id\":\"https:\\\/\\\/udtv-cz.store\\\/shop\\\/televize-uhd-4k-google-tv-ud-55qgu7210s\\\/#primaryimage\"},\"image\":{\"@id\":\"https:\\\/\\\/udtv-cz.store\\\/shop\\\/televize-uhd-4k-google-tv-ud-55qgu7210s\\\/#primaryimage\"},\"thumbnailUrl\":\"https:\\\/\\\/udtv-cz.store\\\/wp-content\\\/uploads\\\/2024\\\/07\\\/55qgu7210s.webp\",\"datePublished\":\"2024-07-03T09:30:44+00:00\",\"dateModified\":\"2026-04-28T13:39:09+00:00\",\"description\":\"UHD 4K Google TV 55\\\" offers a sharp image and smart features, making it the perfect choice for high-quality movie watching and gaming, available from Udtv Store.\",\"breadcrumb\":{\"@id\":\"https:\\\/\\\/udtv-cz.store\\\/shop\\\/televize-uhd-4k-google-tv-ud-55qgu7210s\\\/#breadcrumb\"},\"inLanguage\":\"sk-SK\",\"potentialAction\":[{\"@type\":\"ReadAction\",\"target\":[\"https:\\\/\\\/udtv-cz.store\\\/shop\\\/televize-uhd-4k-google-tv-ud-55qgu7210s\\\/\"]}]},{\"@type\":\"ImageObject\",\"inLanguage\":\"sk-SK\",\"@id\":\"https:\\\/\\\/udtv-cz.store\\\/shop\\\/televize-uhd-4k-google-tv-ud-55qgu7210s\\\/#primaryimage\",\"url\":\"https:\\\/\\\/udtv-cz.store\\\/wp-content\\\/uploads\\\/2024\\\/07\\\/55qgu7210s.webp\",\"contentUrl\":\"https:\\\/\\\/udtv-cz.store\\\/wp-content\\\/uploads\\\/2024\\\/07\\\/55qgu7210s.webp\",\"width\":1300,\"height\":1050},{\"@type\":\"BreadcrumbList\",\"@id\":\"https:\\\/\\\/udtv-cz.store\\\/shop\\\/televize-uhd-4k-google-tv-ud-55qgu7210s\\\/#breadcrumb\",\"itemListElement\":[{\"@type\":\"ListItem\",\"position\":1,\"name\":\"Hlavn\u00e1 str\u00e1nka\",\"item\":\"https:\\\/\\\/udtv-cz.store\\\/sk\\\/\"},{\"@type\":\"ListItem\",\"position\":2,\"name\":\"Katalog\",\"item\":\"https:\\\/\\\/udtv-cz.store\\\/shop\\\/\"},{\"@type\":\"ListItem\",\"position\":3,\"name\":\"Telev\u00edzor UHD 4K Google TV UD 55QGU7210S\"}]},{\"@type\":\"WebSite\",\"@id\":\"https:\\\/\\\/udtv-cz.store\\\/#website\",\"url\":\"https:\\\/\\\/udtv-cz.store\\\/\",\"name\":\"UDTV\",\"description\":\"Just another WordPress site\",\"potentialAction\":[{\"@type\":\"SearchAction\",\"target\":{\"@type\":\"EntryPoint\",\"urlTemplate\":\"https:\\\/\\\/udtv-cz.store\\\/?s={search_term_string}\"},\"query-input\":{\"@type\":\"PropertyValueSpecification\",\"valueRequired\":true,\"valueName\":\"search_term_string\"}}],\"inLanguage\":\"sk-SK\"}]}<\/script>\n<!-- \/ Yoast SEO plugin. -->","yoast_head_json":{"title":"Telev\u00edzor UHD 4K Google TV UD 55QGU7210S - UDTV","description":"UHD 4K Google TV 55\" offers a sharp image and smart features, making it the perfect choice for high-quality movie watching and gaming, available from Udtv Store.","robots":{"index":"index","follow":"follow","max-snippet":"max-snippet:-1","max-image-preview":"max-image-preview:large","max-video-preview":"max-video-preview:-1"},"canonical":"https:\/\/udtv-cz.store\/shop\/televize-uhd-4k-google-tv-ud-55qgu7210s\/","og_locale":"sk_SK","og_type":"article","og_title":"Telev\u00edzor UHD 4K Google TV UD 55QGU7210S - UDTV","og_description":"UHD 4K Google TV 55\" offers a sharp image and smart features, making it the perfect choice for high-quality movie watching and gaming, available from Udtv Store.","og_url":"https:\/\/udtv-cz.store\/shop\/televize-uhd-4k-google-tv-ud-55qgu7210s\/","og_site_name":"UDTV","article_modified_time":"2026-04-28T13:39:09+00:00","og_image":[{"width":1300,"height":1050,"url":"https:\/\/udtv-cz.store\/wp-content\/uploads\/2024\/07\/55qgu7210s.webp","type":"image\/webp"}],"twitter_card":"summary_large_image","twitter_misc":{"Est. reading time":"1 min\u00fata"},"schema":{"@context":"https:\/\/schema.org","@graph":[{"@type":"WebPage","@id":"https:\/\/udtv-cz.store\/shop\/televize-uhd-4k-google-tv-ud-55qgu7210s\/","url":"https:\/\/udtv-cz.store\/shop\/televize-uhd-4k-google-tv-ud-55qgu7210s\/","name":"Telev\u00edzor UHD 4K Google TV UD 55QGU7210S - UDTV","isPartOf":{"@id":"https:\/\/udtv-cz.store\/#website"},"primaryImageOfPage":{"@id":"https:\/\/udtv-cz.store\/shop\/televize-uhd-4k-google-tv-ud-55qgu7210s\/#primaryimage"},"image":{"@id":"https:\/\/udtv-cz.store\/shop\/televize-uhd-4k-google-tv-ud-55qgu7210s\/#primaryimage"},"thumbnailUrl":"https:\/\/udtv-cz.store\/wp-content\/uploads\/2024\/07\/55qgu7210s.webp","datePublished":"2024-07-03T09:30:44+00:00","dateModified":"2026-04-28T13:39:09+00:00","description":"UHD 4K Google TV 55\" offers a sharp image and smart features, making it the perfect choice for high-quality movie watching and gaming, available from Udtv Store.","breadcrumb":{"@id":"https:\/\/udtv-cz.store\/shop\/televize-uhd-4k-google-tv-ud-55qgu7210s\/#breadcrumb"},"inLanguage":"sk-SK","potentialAction":[{"@type":"ReadAction","target":["https:\/\/udtv-cz.store\/shop\/televize-uhd-4k-google-tv-ud-55qgu7210s\/"]}]},{"@type":"ImageObject","inLanguage":"sk-SK","@id":"https:\/\/udtv-cz.store\/shop\/televize-uhd-4k-google-tv-ud-55qgu7210s\/#primaryimage","url":"https:\/\/udtv-cz.store\/wp-content\/uploads\/2024\/07\/55qgu7210s.webp","contentUrl":"https:\/\/udtv-cz.store\/wp-content\/uploads\/2024\/07\/55qgu7210s.webp","width":1300,"height":1050},{"@type":"BreadcrumbList","@id":"https:\/\/udtv-cz.store\/shop\/televize-uhd-4k-google-tv-ud-55qgu7210s\/#breadcrumb","itemListElement":[{"@type":"ListItem","position":1,"name":"Hlavn\u00e1 str\u00e1nka","item":"https:\/\/udtv-cz.store\/sk\/"},{"@type":"ListItem","position":2,"name":"Katalog","item":"https:\/\/udtv-cz.store\/shop\/"},{"@type":"ListItem","position":3,"name":"Telev\u00edzor UHD 4K Google TV UD 55QGU7210S"}]},{"@type":"WebSite","@id":"https:\/\/udtv-cz.store\/#website","url":"https:\/\/udtv-cz.store\/","name":"UDTV","description":"Just another WordPress site","potentialAction":[{"@type":"SearchAction","target":{"@type":"EntryPoint","urlTemplate":"https:\/\/udtv-cz.store\/?s={search_term_string}"},"query-input":{"@type":"PropertyValueSpecification","valueRequired":true,"valueName":"search_term_string"}}],"inLanguage":"sk-SK"}]}},"_links":{"self":[{"href":"https:\/\/udtv-cz.store\/sk\/wp-json\/wp\/v2\/product\/3132","targetHints":{"allow":["GET"]}}],"collection":[{"href":"https:\/\/udtv-cz.store\/sk\/wp-json\/wp\/v2\/product"}],"about":[{"href":"https:\/\/udtv-cz.store\/sk\/wp-json\/wp\/v2\/types\/product"}],"wp:featuredmedia":[{"embeddable":true,"href":"https:\/\/udtv-cz.store\/sk\/wp-json\/wp\/v2\/media\/3141"}],"wp:attachment":[{"href":"https:\/\/udtv-cz.store\/sk\/wp-json\/wp\/v2\/media?parent=3132"}],"wp:term":[{"taxonomy":"product_brand","embeddable":true,"href":"https:\/\/udtv-cz.store\/sk\/wp-json\/wp\/v2\/product_brand?post=3132"},{"taxonomy":"product_cat","embeddable":true,"href":"https:\/\/udtv-cz.store\/sk\/wp-json\/wp\/v2\/product_cat?post=3132"},{"taxonomy":"product_tag","embeddable":true,"href":"https:\/\/udtv-cz.store\/sk\/wp-json\/wp\/v2\/product_tag?post=3132"}],"curies":[{"name":"wp","href":"https:\/\/api.w.org\/{rel}","templated":true}]}}