{"id":3197,"date":"2024-07-03T07:50:21","date_gmt":"2024-07-03T07:50:21","guid":{"rendered":"https:\/\/udtv-cz.store\/shop\/televizor-4k-ultra-hd-android-smart-tv-ud-43gu6210s\/"},"modified":"2026-04-28T14:37:43","modified_gmt":"2026-04-28T14:37:43","slug":"televizor-4k-ultra-hd-android-smart-tv-ud-43gu6210s","status":"publish","type":"product","link":"https:\/\/udtv-cz.store\/sk\/shop\/televizor-4k-ultra-hd-android-smart-tv-ud-43gu6210s\/","title":{"rendered":"Telev\u00edzor 4K Ultra HD Android Smart TV UD 43GU6210S"},"content":{"rendered":"<div class=\"flex max-w-full flex-col flex-grow\">\n<div class=\"min-h-8 text-message flex w-full flex-col items-end gap-2 whitespace-normal break-words text-start [.text-message+&amp;]:mt-5\" dir=\"auto\" data-message-author-role=\"assistant\" data-message-id=\"65565c67-a87d-4ea2-b3bd-25b6cda07278\" data-message-model-slug=\"gpt-4o-mini\">\n<div class=\"flex w-full flex-col gap-1 empty:hidden first:pt-[3px]\">\n<div class=\"markdown prose w-full break-words dark:prose-invert light\">\n<p>4K Ultra HD Android Smart TV 43&#8243; s vynikaj\u00facim obrazom a chytr\u00fdmi funkciami. Ide\u00e1lna pre men\u0161ie priestory a skvel\u00fd z\u00e1\u017eitok zo streamovania.<\/p>\n<\/div>\n<\/div>\n<\/div>\n<\/div>\n","protected":false},"excerpt":{"rendered":"<p>4K Ultra HD Android Smart TV 43&#8243; s vynikaj\u00facim obrazom&#8230;<\/p>\n","protected":false},"featured_media":3204,"template":"","meta":{"inline_featured_image":false},"product_brand":[],"product_cat":[1607],"product_tag":[],"class_list":{"0":"post-3197","1":"product","2":"type-product","3":"status-publish","4":"has-post-thumbnail","6":"product_cat-4k-ultra-hd","8":"first","9":"outofstock","10":"taxable","11":"shipping-taxable","12":"product-type-simple"},"acf":[],"yoast_head":"<!-- This site is optimized with the Yoast SEO plugin v27.4 - https:\/\/yoast.com\/product\/yoast-seo-wordpress\/ -->\n<title>Telev\u00edzor 4K Ultra HD Android Smart TV UD 43GU6210S - UDTV<\/title>\n<meta name=\"description\" content=\"4K Ultra HD Android Smart TV 43&quot; s vynikaj\u00facim obrazom a chytr\u00fdmi funkciami. Ide\u00e1lna pre men\u0161ie priestory a skvel\u00fd z\u00e1\u017eitok zo streamovania.\" \/>\n<meta name=\"robots\" content=\"index, follow, max-snippet:-1, max-image-preview:large, max-video-preview:-1\" \/>\n<link rel=\"canonical\" href=\"https:\/\/udtv-cz.store\/shop\/4k-ultra-hd-android-smart-tv-ud-43gu6210s\/\" \/>\n<meta property=\"og:locale\" content=\"sk_SK\" \/>\n<meta property=\"og:type\" content=\"article\" \/>\n<meta property=\"og:title\" content=\"Telev\u00edzor 4K Ultra HD Android Smart TV UD 43GU6210S - UDTV\" \/>\n<meta property=\"og:description\" content=\"4K Ultra HD Android Smart TV 43&quot; s vynikaj\u00facim obrazom a chytr\u00fdmi funkciami. Ide\u00e1lna pre men\u0161ie priestory a skvel\u00fd z\u00e1\u017eitok zo streamovania.\" \/>\n<meta property=\"og:url\" content=\"https:\/\/udtv-cz.store\/shop\/4k-ultra-hd-android-smart-tv-ud-43gu6210s\/\" \/>\n<meta property=\"og:site_name\" content=\"UDTV\" \/>\n<meta property=\"article:modified_time\" content=\"2026-04-28T14:37:43+00:00\" \/>\n<meta property=\"og:image\" content=\"https:\/\/udtv-cz.store\/wp-content\/uploads\/2024\/07\/43gu6210.webp\" \/>\n\t<meta property=\"og:image:width\" content=\"1300\" \/>\n\t<meta property=\"og:image:height\" content=\"1050\" \/>\n\t<meta property=\"og:image:type\" content=\"image\/webp\" \/>\n<meta name=\"twitter:card\" content=\"summary_large_image\" \/>\n<script type=\"application\/ld+json\" class=\"yoast-schema-graph\">{\"@context\":\"https:\\\/\\\/schema.org\",\"@graph\":[{\"@type\":\"WebPage\",\"@id\":\"https:\\\/\\\/udtv-cz.store\\\/shop\\\/4k-ultra-hd-android-smart-tv-ud-43gu6210s\\\/\",\"url\":\"https:\\\/\\\/udtv-cz.store\\\/shop\\\/4k-ultra-hd-android-smart-tv-ud-43gu6210s\\\/\",\"name\":\"Telev\u00edzor 4K Ultra HD Android Smart TV UD 43GU6210S - UDTV\",\"isPartOf\":{\"@id\":\"https:\\\/\\\/udtv-cz.store\\\/#website\"},\"primaryImageOfPage\":{\"@id\":\"https:\\\/\\\/udtv-cz.store\\\/shop\\\/4k-ultra-hd-android-smart-tv-ud-43gu6210s\\\/#primaryimage\"},\"image\":{\"@id\":\"https:\\\/\\\/udtv-cz.store\\\/shop\\\/4k-ultra-hd-android-smart-tv-ud-43gu6210s\\\/#primaryimage\"},\"thumbnailUrl\":\"https:\\\/\\\/udtv-cz.store\\\/wp-content\\\/uploads\\\/2024\\\/07\\\/43gu6210.webp\",\"datePublished\":\"2024-07-03T07:50:21+00:00\",\"dateModified\":\"2026-04-28T14:37:43+00:00\",\"description\":\"4K Ultra HD Android Smart TV 43\\\" s vynikaj\u00facim obrazom a chytr\u00fdmi funkciami. Ide\u00e1lna pre men\u0161ie priestory a skvel\u00fd z\u00e1\u017eitok zo streamovania.\",\"breadcrumb\":{\"@id\":\"https:\\\/\\\/udtv-cz.store\\\/shop\\\/4k-ultra-hd-android-smart-tv-ud-43gu6210s\\\/#breadcrumb\"},\"inLanguage\":\"sk-SK\",\"potentialAction\":[{\"@type\":\"ReadAction\",\"target\":[\"https:\\\/\\\/udtv-cz.store\\\/shop\\\/4k-ultra-hd-android-smart-tv-ud-43gu6210s\\\/\"]}]},{\"@type\":\"ImageObject\",\"inLanguage\":\"sk-SK\",\"@id\":\"https:\\\/\\\/udtv-cz.store\\\/shop\\\/4k-ultra-hd-android-smart-tv-ud-43gu6210s\\\/#primaryimage\",\"url\":\"https:\\\/\\\/udtv-cz.store\\\/wp-content\\\/uploads\\\/2024\\\/07\\\/43gu6210.webp\",\"contentUrl\":\"https:\\\/\\\/udtv-cz.store\\\/wp-content\\\/uploads\\\/2024\\\/07\\\/43gu6210.webp\",\"width\":1300,\"height\":1050},{\"@type\":\"BreadcrumbList\",\"@id\":\"https:\\\/\\\/udtv-cz.store\\\/shop\\\/4k-ultra-hd-android-smart-tv-ud-43gu6210s\\\/#breadcrumb\",\"itemListElement\":[{\"@type\":\"ListItem\",\"position\":1,\"name\":\"Hlavn\u00e1 str\u00e1nka\",\"item\":\"https:\\\/\\\/udtv-cz.store\\\/sk\\\/\"},{\"@type\":\"ListItem\",\"position\":2,\"name\":\"Katalog\",\"item\":\"https:\\\/\\\/udtv-cz.store\\\/shop\\\/\"},{\"@type\":\"ListItem\",\"position\":3,\"name\":\"Telev\u00edzor 4K Ultra HD Android Smart TV UD 43GU6210S\"}]},{\"@type\":\"WebSite\",\"@id\":\"https:\\\/\\\/udtv-cz.store\\\/#website\",\"url\":\"https:\\\/\\\/udtv-cz.store\\\/\",\"name\":\"UDTV\",\"description\":\"Just another WordPress site\",\"potentialAction\":[{\"@type\":\"SearchAction\",\"target\":{\"@type\":\"EntryPoint\",\"urlTemplate\":\"https:\\\/\\\/udtv-cz.store\\\/?s={search_term_string}\"},\"query-input\":{\"@type\":\"PropertyValueSpecification\",\"valueRequired\":true,\"valueName\":\"search_term_string\"}}],\"inLanguage\":\"sk-SK\"}]}<\/script>\n<!-- \/ Yoast SEO plugin. -->","yoast_head_json":{"title":"Telev\u00edzor 4K Ultra HD Android Smart TV UD 43GU6210S - UDTV","description":"4K Ultra HD Android Smart TV 43\" s vynikaj\u00facim obrazom a chytr\u00fdmi funkciami. Ide\u00e1lna pre men\u0161ie priestory a skvel\u00fd z\u00e1\u017eitok zo streamovania.","robots":{"index":"index","follow":"follow","max-snippet":"max-snippet:-1","max-image-preview":"max-image-preview:large","max-video-preview":"max-video-preview:-1"},"canonical":"https:\/\/udtv-cz.store\/shop\/4k-ultra-hd-android-smart-tv-ud-43gu6210s\/","og_locale":"sk_SK","og_type":"article","og_title":"Telev\u00edzor 4K Ultra HD Android Smart TV UD 43GU6210S - UDTV","og_description":"4K Ultra HD Android Smart TV 43\" s vynikaj\u00facim obrazom a chytr\u00fdmi funkciami. Ide\u00e1lna pre men\u0161ie priestory a skvel\u00fd z\u00e1\u017eitok zo streamovania.","og_url":"https:\/\/udtv-cz.store\/shop\/4k-ultra-hd-android-smart-tv-ud-43gu6210s\/","og_site_name":"UDTV","article_modified_time":"2026-04-28T14:37:43+00:00","og_image":[{"width":1300,"height":1050,"url":"https:\/\/udtv-cz.store\/wp-content\/uploads\/2024\/07\/43gu6210.webp","type":"image\/webp"}],"twitter_card":"summary_large_image","schema":{"@context":"https:\/\/schema.org","@graph":[{"@type":"WebPage","@id":"https:\/\/udtv-cz.store\/shop\/4k-ultra-hd-android-smart-tv-ud-43gu6210s\/","url":"https:\/\/udtv-cz.store\/shop\/4k-ultra-hd-android-smart-tv-ud-43gu6210s\/","name":"Telev\u00edzor 4K Ultra HD Android Smart TV UD 43GU6210S - UDTV","isPartOf":{"@id":"https:\/\/udtv-cz.store\/#website"},"primaryImageOfPage":{"@id":"https:\/\/udtv-cz.store\/shop\/4k-ultra-hd-android-smart-tv-ud-43gu6210s\/#primaryimage"},"image":{"@id":"https:\/\/udtv-cz.store\/shop\/4k-ultra-hd-android-smart-tv-ud-43gu6210s\/#primaryimage"},"thumbnailUrl":"https:\/\/udtv-cz.store\/wp-content\/uploads\/2024\/07\/43gu6210.webp","datePublished":"2024-07-03T07:50:21+00:00","dateModified":"2026-04-28T14:37:43+00:00","description":"4K Ultra HD Android Smart TV 43\" s vynikaj\u00facim obrazom a chytr\u00fdmi funkciami. Ide\u00e1lna pre men\u0161ie priestory a skvel\u00fd z\u00e1\u017eitok zo streamovania.","breadcrumb":{"@id":"https:\/\/udtv-cz.store\/shop\/4k-ultra-hd-android-smart-tv-ud-43gu6210s\/#breadcrumb"},"inLanguage":"sk-SK","potentialAction":[{"@type":"ReadAction","target":["https:\/\/udtv-cz.store\/shop\/4k-ultra-hd-android-smart-tv-ud-43gu6210s\/"]}]},{"@type":"ImageObject","inLanguage":"sk-SK","@id":"https:\/\/udtv-cz.store\/shop\/4k-ultra-hd-android-smart-tv-ud-43gu6210s\/#primaryimage","url":"https:\/\/udtv-cz.store\/wp-content\/uploads\/2024\/07\/43gu6210.webp","contentUrl":"https:\/\/udtv-cz.store\/wp-content\/uploads\/2024\/07\/43gu6210.webp","width":1300,"height":1050},{"@type":"BreadcrumbList","@id":"https:\/\/udtv-cz.store\/shop\/4k-ultra-hd-android-smart-tv-ud-43gu6210s\/#breadcrumb","itemListElement":[{"@type":"ListItem","position":1,"name":"Hlavn\u00e1 str\u00e1nka","item":"https:\/\/udtv-cz.store\/sk\/"},{"@type":"ListItem","position":2,"name":"Katalog","item":"https:\/\/udtv-cz.store\/shop\/"},{"@type":"ListItem","position":3,"name":"Telev\u00edzor 4K Ultra HD Android Smart TV UD 43GU6210S"}]},{"@type":"WebSite","@id":"https:\/\/udtv-cz.store\/#website","url":"https:\/\/udtv-cz.store\/","name":"UDTV","description":"Just another WordPress site","potentialAction":[{"@type":"SearchAction","target":{"@type":"EntryPoint","urlTemplate":"https:\/\/udtv-cz.store\/?s={search_term_string}"},"query-input":{"@type":"PropertyValueSpecification","valueRequired":true,"valueName":"search_term_string"}}],"inLanguage":"sk-SK"}]}},"_links":{"self":[{"href":"https:\/\/udtv-cz.store\/sk\/wp-json\/wp\/v2\/product\/3197","targetHints":{"allow":["GET"]}}],"collection":[{"href":"https:\/\/udtv-cz.store\/sk\/wp-json\/wp\/v2\/product"}],"about":[{"href":"https:\/\/udtv-cz.store\/sk\/wp-json\/wp\/v2\/types\/product"}],"wp:featuredmedia":[{"embeddable":true,"href":"https:\/\/udtv-cz.store\/sk\/wp-json\/wp\/v2\/media\/3204"}],"wp:attachment":[{"href":"https:\/\/udtv-cz.store\/sk\/wp-json\/wp\/v2\/media?parent=3197"}],"wp:term":[{"taxonomy":"product_brand","embeddable":true,"href":"https:\/\/udtv-cz.store\/sk\/wp-json\/wp\/v2\/product_brand?post=3197"},{"taxonomy":"product_cat","embeddable":true,"href":"https:\/\/udtv-cz.store\/sk\/wp-json\/wp\/v2\/product_cat?post=3197"},{"taxonomy":"product_tag","embeddable":true,"href":"https:\/\/udtv-cz.store\/sk\/wp-json\/wp\/v2\/product_tag?post=3197"}],"curies":[{"name":"wp","href":"https:\/\/api.w.org\/{rel}","templated":true}]}}